{"id":1092,"date":"2021-03-10T14:06:47","date_gmt":"2021-03-10T13:06:47","guid":{"rendered":"https:\/\/doptim.eu\/?page_id=1092"},"modified":"2026-04-02T19:09:02","modified_gmt":"2026-04-02T17:09:02","slug":"formation-introduction-big-data-ia","status":"publish","type":"page","link":"https:\/\/doptim.eu\/index.php\/formation-introduction-big-data-ia\/","title":{"rendered":"Formation-introduction au Big Data et \u00e0 l&rsquo;IA"},"content":{"rendered":"\t\t<div data-elementor-type=\"wp-page\" data-elementor-id=\"1092\" class=\"elementor elementor-1092\">\n\t\t\t\t\t\t<section class=\"elementor-section elementor-top-section elementor-element elementor-element-2n6asns elementor-section-content-middle elementor-reverse-mobile elementor-section-boxed elementor-section-height-default elementor-section-height-default\" data-id=\"2n6asns\" data-element_type=\"section\" data-e-type=\"section\" data-settings=\"{&quot;background_background&quot;:&quot;gradient&quot;}\">\n\t\t\t\t\t\t\t<div class=\"elementor-background-overlay\"><\/div>\n\t\t\t\t\t\t\t<div class=\"elementor-container elementor-column-gap-no\">\n\t\t\t\t\t<div class=\"elementor-column elementor-col-50 elementor-top-column elementor-element elementor-element-c633f44\" data-id=\"c633f44\" data-element_type=\"column\" data-e-type=\"column\">\n\t\t\t<div class=\"elementor-widget-wrap elementor-element-populated\">\n\t\t\t\t\t\t<div class=\"elementor-element elementor-element-c604c64 elementor-widget elementor-widget-image\" data-id=\"c604c64\" data-element_type=\"widget\" data-e-type=\"widget\" data-widget_type=\"image.default\">\n\t\t\t\t<div class=\"elementor-widget-container\">\n\t\t\t\t\t\t\t\t\t\t\t\t\t\t\t<img fetchpriority=\"high\" decoding=\"async\" width=\"1095\" height=\"771\" src=\"https:\/\/doptim.eu\/wp-content\/uploads\/2022\/07\/undraw_data_processing_yrrv.png\" class=\"attachment-full size-full wp-image-1888\" alt=\"Doptim-Formation-Introduction IA\/Big Data\" srcset=\"https:\/\/doptim.eu\/wp-content\/uploads\/2022\/07\/undraw_data_processing_yrrv.png 1095w, https:\/\/doptim.eu\/wp-content\/uploads\/2022\/07\/undraw_data_processing_yrrv-300x211.png 300w, https:\/\/doptim.eu\/wp-content\/uploads\/2022\/07\/undraw_data_processing_yrrv-1024x721.png 1024w, https:\/\/doptim.eu\/wp-content\/uploads\/2022\/07\/undraw_data_processing_yrrv-768x541.png 768w\" sizes=\"(max-width: 1095px) 100vw, 1095px\" title=\"\">\t\t\t\t\t\t\t\t\t\t\t\t\t\t\t<\/div>\n\t\t\t\t<\/div>\n\t\t\t\t\t<\/div>\n\t\t<\/div>\n\t\t\t\t<div class=\"elementor-column elementor-col-50 elementor-top-column elementor-element elementor-element-6f4b106\" data-id=\"6f4b106\" data-element_type=\"column\" data-e-type=\"column\">\n\t\t\t<div class=\"elementor-widget-wrap elementor-element-populated\">\n\t\t\t\t\t\t<div class=\"elementor-element elementor-element-ef3ba96 elementor-widget elementor-widget-heading\" data-id=\"ef3ba96\" data-element_type=\"widget\" data-e-type=\"widget\" data-widget_type=\"heading.default\">\n\t\t\t\t<div class=\"elementor-widget-container\">\n\t\t\t\t\t<h6 class=\"elementor-heading-title elementor-size-default\">NOS FORMATIONS<\/h6>\t\t\t\t<\/div>\n\t\t\t\t<\/div>\n\t\t\t\t<div class=\"elementor-element elementor-element-453d3b8 elementor-widget elementor-widget-heading\" data-id=\"453d3b8\" data-element_type=\"widget\" data-e-type=\"widget\" data-widget_type=\"heading.default\">\n\t\t\t\t<div class=\"elementor-widget-container\">\n\t\t\t\t\t<h1 class=\"elementor-heading-title elementor-size-xl\">Enjeux du Big Data et de l'Intelligence Artificielle<\/h1>\t\t\t\t<\/div>\n\t\t\t\t<\/div>\n\t\t\t\t\t<\/div>\n\t\t<\/div>\n\t\t\t\t\t<\/div>\n\t\t<\/section>\n\t\t\t\t<section class=\"elementor-section elementor-top-section elementor-element elementor-element-3h7jg8p elementor-section-boxed elementor-section-height-default elementor-section-height-default\" data-id=\"3h7jg8p\" data-element_type=\"section\" data-e-type=\"section\" data-settings=\"{&quot;background_background&quot;:&quot;classic&quot;}\">\n\t\t\t\t\t\t<div class=\"elementor-container elementor-column-gap-no\">\n\t\t\t\t\t<div class=\"elementor-column elementor-col-100 elementor-top-column elementor-element elementor-element-6c54461\" data-id=\"6c54461\" data-element_type=\"column\" data-e-type=\"column\">\n\t\t\t<div class=\"elementor-widget-wrap elementor-element-populated\">\n\t\t\t\t\t\t<section class=\"elementor-section elementor-inner-section elementor-element elementor-element-31c1253 elementor-section-content-middle elementor-reverse-tablet elementor-reverse-mobile elementor-section-boxed elementor-section-height-default elementor-section-height-default\" data-id=\"31c1253\" data-element_type=\"section\" data-e-type=\"section\">\n\t\t\t\t\t\t<div class=\"elementor-container elementor-column-gap-no\">\n\t\t\t\t\t<div class=\"elementor-column elementor-col-100 elementor-inner-column elementor-element elementor-element-0204469\" data-id=\"0204469\" data-element_type=\"column\" data-e-type=\"column\">\n\t\t\t<div class=\"elementor-widget-wrap elementor-element-populated\">\n\t\t\t\t\t\t<div class=\"elementor-element elementor-element-951a5ea elementor-widget elementor-widget-text-editor\" data-id=\"951a5ea\" data-element_type=\"widget\" data-e-type=\"widget\" data-widget_type=\"text-editor.default\">\n\t\t\t\t<div class=\"elementor-widget-container\">\n\t\t\t\t\t\t\t\t\t<p><strong>Dur\u00e9e :<\/strong> 1 journ\u00e9e &#8211; en pr\u00e9sentiel ou \u00e0 distance<\/p><p><strong>Co\u00fbt :<\/strong> <a href=\"https:\/\/doptim.eu\/index.php\/contact\/\">devis sur demande<\/a> ou <a href=\"https:\/\/www.captronic.fr\/-Les-formations-2023-.html\" target=\"_blank\" rel=\"noopener\">via Captronic<\/a><\/p><p><strong>Niveau :<\/strong> d\u00e9butant<\/p>\t\t\t\t\t\t\t\t<\/div>\n\t\t\t\t<\/div>\n\t\t\t\t<div class=\"elementor-element elementor-element-a57bad1 elementor-widget-divider--view-line elementor-widget elementor-widget-divider\" data-id=\"a57bad1\" data-element_type=\"widget\" data-e-type=\"widget\" data-widget_type=\"divider.default\">\n\t\t\t\t<div class=\"elementor-widget-container\">\n\t\t\t\t\t\t\t<div class=\"elementor-divider\">\n\t\t\t<span class=\"elementor-divider-separator\">\n\t\t\t\t\t\t<\/span>\n\t\t<\/div>\n\t\t\t\t\t\t<\/div>\n\t\t\t\t<\/div>\n\t\t\t\t<div class=\"elementor-element elementor-element-0abadd5 elementor-widget elementor-widget-text-editor\" data-id=\"0abadd5\" data-element_type=\"widget\" data-e-type=\"widget\" data-widget_type=\"text-editor.default\">\n\t\t\t\t<div class=\"elementor-widget-container\">\n\t\t\t\t\t\t\t\t\t<p>Le Big Data et l&rsquo;IA couvrent plusieurs aspects de la vie \u00e9conomique\u00a0:<\/p><ul><li>Les technologies de traitement de donn\u00e9es qui permettent d\u2019analyser de tr\u00e8s grosses quantit\u00e9s d\u2019information \u00e0 des co\u00fbts supportables par beaucoup d\u2019entreprises aujourd\u2019hui,<\/li><li>les mod\u00e8les d\u2019affaire d\u2019entreprises, notamment ceux des GAFAM (Google, Amazon, Facebook, Apple, Microsoft) qui ont positionn\u00e9 la collecte de donn\u00e9es et la valorisation de ces donn\u00e9es tr\u00e8s fortement dans leur strat\u00e9gie,<\/li><li>le R\u00e8glement G\u00e9n\u00e9ral de Protection des Donn\u00e9es (RGPD) appliqu\u00e9 depuis le 25 mai 2018 dans l\u2019Union Europ\u00e9enne contre l\u2019exploitation abusive des donn\u00e9es personnelles,<\/li><li>les nouveaux m\u00e9tiers associ\u00e9s \u00e0 la Data et les mod\u00e8les de projet associ\u00e9s.<\/li><\/ul>\t\t\t\t\t\t\t\t<\/div>\n\t\t\t\t<\/div>\n\t\t\t\t\t<\/div>\n\t\t<\/div>\n\t\t\t\t\t<\/div>\n\t\t<\/section>\n\t\t\t\t<section class=\"elementor-section elementor-inner-section elementor-element elementor-element-5250bb0 elementor-section-boxed elementor-section-height-default elementor-section-height-default\" data-id=\"5250bb0\" data-element_type=\"section\" data-e-type=\"section\" data-settings=\"{&quot;background_background&quot;:&quot;classic&quot;}\">\n\t\t\t\t\t\t<div class=\"elementor-container elementor-column-gap-no\">\n\t\t\t\t\t<div class=\"elementor-column elementor-col-33 elementor-inner-column elementor-element elementor-element-2c69e8b\" data-id=\"2c69e8b\" data-element_type=\"column\" data-e-type=\"column\">\n\t\t\t<div class=\"elementor-widget-wrap elementor-element-populated\">\n\t\t\t\t\t\t<div class=\"elementor-element elementor-element-22c1847 elementor-view-stacked elementor-shape-circle elementor-widget elementor-widget-icon\" data-id=\"22c1847\" data-element_type=\"widget\" data-e-type=\"widget\" data-widget_type=\"icon.default\">\n\t\t\t\t<div class=\"elementor-widget-container\">\n\t\t\t\t\t\t\t<div class=\"elementor-icon-wrapper\">\n\t\t\t<div class=\"elementor-icon\">\n\t\t\t<svg aria-hidden=\"true\" class=\"e-font-icon-svg e-fas-user-graduate\" viewBox=\"0 0 448 512\" xmlns=\"http:\/\/www.w3.org\/2000\/svg\"><path d=\"M319.4 320.6L224 416l-95.4-95.4C57.1 323.7 0 382.2 0 454.4v9.6c0 26.5 21.5 48 48 48h352c26.5 0 48-21.5 48-48v-9.6c0-72.2-57.1-130.7-128.6-133.8zM13.6 79.8l6.4 1.5v58.4c-7 4.2-12 11.5-12 20.3 0 8.4 4.6 15.4 11.1 19.7L3.5 242c-1.7 6.9 2.1 14 7.6 14h41.8c5.5 0 9.3-7.1 7.6-14l-15.6-62.3C51.4 175.4 56 168.4 56 160c0-8.8-5-16.1-12-20.3V87.1l66 15.9c-8.6 17.2-14 36.4-14 57 0 70.7 57.3 128 128 128s128-57.3 128-128c0-20.6-5.3-39.8-14-57l96.3-23.2c18.2-4.4 18.2-27.1 0-31.5l-190.4-46c-13-3.1-26.7-3.1-39.7 0L13.6 48.2c-18.1 4.4-18.1 27.2 0 31.6z\"><\/path><\/svg>\t\t\t<\/div>\n\t\t<\/div>\n\t\t\t\t\t\t<\/div>\n\t\t\t\t<\/div>\n\t\t\t\t\t<\/div>\n\t\t<\/div>\n\t\t\t\t<div class=\"elementor-column elementor-col-66 elementor-inner-column elementor-element elementor-element-2479d63\" data-id=\"2479d63\" data-element_type=\"column\" data-e-type=\"column\">\n\t\t\t<div class=\"elementor-widget-wrap elementor-element-populated\">\n\t\t\t\t\t\t<div class=\"elementor-element elementor-element-86abc0c elementor-widget elementor-widget-heading\" data-id=\"86abc0c\" data-element_type=\"widget\" data-e-type=\"widget\" data-widget_type=\"heading.default\">\n\t\t\t\t<div class=\"elementor-widget-container\">\n\t\t\t\t\t<h3 class=\"elementor-heading-title elementor-size-default\">Objectifs d'apprentissage<\/h3>\t\t\t\t<\/div>\n\t\t\t\t<\/div>\n\t\t\t\t<div class=\"elementor-element elementor-element-81587a9 elementor-widget elementor-widget-text-editor\" data-id=\"81587a9\" data-element_type=\"widget\" data-e-type=\"widget\" data-widget_type=\"text-editor.default\">\n\t\t\t\t<div class=\"elementor-widget-container\">\n\t\t\t\t\t\t\t\t\t<ul style=\"font-style: normal; caret-color: #000000; color: #000000;\"><li><span class=\"S1PPyQ\">Comprendre le Big Data et l&rsquo;IA, leur origine et leur avenir.<\/span><\/li><li><span class=\"S1PPyQ\">Comprendre les entreprises data-driven et leur impact sur l&rsquo;\u00e9conomie.<\/span><\/li><li><span class=\"S1PPyQ\">Se pr\u00e9parer \u00e0 g\u00e9rer l&rsquo;impact du Big Data et de l&rsquo;IA dans les entreprises non ax\u00e9es sur les donn\u00e9es.<\/span><\/li><\/ul>\t\t\t\t\t\t\t\t<\/div>\n\t\t\t\t<\/div>\n\t\t\t\t<div class=\"elementor-element elementor-element-946f228 elementor-widget elementor-widget-spacer\" data-id=\"946f228\" data-element_type=\"widget\" data-e-type=\"widget\" data-widget_type=\"spacer.default\">\n\t\t\t\t<div class=\"elementor-widget-container\">\n\t\t\t\t\t\t\t<div class=\"elementor-spacer\">\n\t\t\t<div class=\"elementor-spacer-inner\"><\/div>\n\t\t<\/div>\n\t\t\t\t\t\t<\/div>\n\t\t\t\t<\/div>\n\t\t\t\t<div class=\"elementor-element elementor-element-cc465c3 elementor-widget elementor-widget-heading\" data-id=\"cc465c3\" data-element_type=\"widget\" data-e-type=\"widget\" data-widget_type=\"heading.default\">\n\t\t\t\t<div class=\"elementor-widget-container\">\n\t\t\t\t\t<h3 class=\"elementor-heading-title elementor-size-default\">Au programme<\/h3>\t\t\t\t<\/div>\n\t\t\t\t<\/div>\n\t\t\t\t<div class=\"elementor-element elementor-element-5f1fb1a elementor-widget elementor-widget-text-editor\" data-id=\"5f1fb1a\" data-element_type=\"widget\" data-e-type=\"widget\" data-widget_type=\"text-editor.default\">\n\t\t\t\t<div class=\"elementor-widget-container\">\n\t\t\t\t\t\t\t\t\t<p class=\"_04xlpA direction-ltr align-start para-style-body\"><strong><span class=\"S1PPyQ\">La technologie :<\/span><\/strong><\/p><ul><li><span class=\"S1PPyQ\">Concepts et histoire du Big Data et de l&rsquo;Intelligence Artificielle<\/span><\/li><li><span class=\"S1PPyQ\">Derri\u00e8re le mythe de l&rsquo;IA, le biomim\u00e9-tisme, les humains augment\u00e9s et les m\u00e9tavers.<\/span><\/li><li><span class=\"S1PPyQ\">Les biais et les risques<\/span><\/li><\/ul><p class=\"_04xlpA direction-ltr align-start para-style-body\"><strong><span class=\"S1PPyQ\">Geopolitique du Big Data et de l&rsquo;IA :<\/span><\/strong><\/p><ul><li><span class=\"S1PPyQ\">Vue g\u00e9n\u00e9rale sur la cha\u00eene d&rsquo;approvision-nement des ressources du big data<\/span><\/li><li><span class=\"S1PPyQ\">Les d\u00e9fis de la souverainet\u00e9<\/span><\/li><\/ul><p class=\"_04xlpA direction-ltr align-start para-style-body\"><strong><span class=\"S1PPyQ\">Les entreprises data-driven :<\/span><\/strong><\/p><ul><li><span class=\"S1PPyQ\">Comment elles conqui\u00e8rent l&rsquo;\u00e9conomie mondiale (tactiques d\u2019investissement,<\/span> <span class=\"S1PPyQ\">de prix, op\u00e9rationnelles).<\/span><\/li><li><span class=\"S1PPyQ\">Impact sur la r\u00e9gulation de l&rsquo;\u00e9conomie<\/span><\/li><\/ul><p class=\"_04xlpA direction-ltr align-start para-style-body\"><strong><span class=\"S1PPyQ\">Big data et IA dans les entreprises non data-driven :<\/span><\/strong><\/p><ul><li><span class=\"S1PPyQ\">Les cl\u00e9s du succ\u00e8s et de l&rsquo;\u00e9chec<\/span><\/li><li><span class=\"S1PPyQ\">Acc\u00e8s aux ressources de donn\u00e9es<\/span><\/li><li><span class=\"S1PPyQ\">Les d\u00e9fis de la gestion du changement<\/span><\/li><\/ul><p class=\"_04xlpA direction-ltr align-start para-style-body\"><strong><span class=\"S1PPyQ\">D\u00e9fis pour les citoyens :<\/span><\/strong><\/p><ul><li><span class=\"S1PPyQ\">\u00c9thique<\/span><\/li><li><span class=\"S1PPyQ\">Les pr\u00e9occupations \u00e9cologiques<\/span><\/li><li><span class=\"S1PPyQ\">Revue de quelques initiatives fran\u00e7aises, europ\u00e9ennes et mondiales<\/span><\/li><\/ul><p class=\"_04xlpA direction-ltr align-start para-style-body\"><span class=\"S1PPyQ\">La pr\u00e9sentation s\u2019appuie sur des situations et des solutions vues dans plusieurs secteurs de l\u2019\u00e9conomie, industrie, finances et assurance, e-gouvernement, e-sant\u00e9, agriculture, logistique, \u00e9nergie, etc.<\/span><\/p><p class=\"_04xlpA direction-ltr align-start para-style-body\"><strong><span class=\"S1PPyQ\">Elle est mise \u00e0 jour r\u00e9guli\u00e8rement.<\/span><\/strong><\/p>\t\t\t\t\t\t\t\t<\/div>\n\t\t\t\t<\/div>\n\t\t\t\t\t<\/div>\n\t\t<\/div>\n\t\t\t\t\t<\/div>\n\t\t<\/section>\n\t\t\t\t<div class=\"elementor-element elementor-element-696577f elementor-widget elementor-widget-heading\" data-id=\"696577f\" data-element_type=\"widget\" data-e-type=\"widget\" data-widget_type=\"heading.default\">\n\t\t\t\t<div class=\"elementor-widget-container\">\n\t\t\t\t\t<h2 class=\"elementor-heading-title elementor-size-medium\">Cette formation vous int\u00e9resse ?<\/h2>\t\t\t\t<\/div>\n\t\t\t\t<\/div>\n\t\t\t\t<div class=\"elementor-element elementor-element-89baa28 elementor-mobile-align-center elementor-widget elementor-widget-button\" data-id=\"89baa28\" data-element_type=\"widget\" data-e-type=\"widget\" data-widget_type=\"button.default\">\n\t\t\t\t<div class=\"elementor-widget-container\">\n\t\t\t\t\t\t\t\t\t<div class=\"elementor-button-wrapper\">\n\t\t\t\t\t<a class=\"elementor-button elementor-button-link elementor-size-sm\" href=\"https:\/\/doptim.eu\/index.php\/contact\/\">\n\t\t\t\t\t\t<span class=\"elementor-button-content-wrapper\">\n\t\t\t\t\t\t\t\t\t<span class=\"elementor-button-text\">Contactez-nous<\/span>\n\t\t\t\t\t<\/span>\n\t\t\t\t\t<\/a>\n\t\t\t\t<\/div>\n\t\t\t\t\t\t\t\t<\/div>\n\t\t\t\t<\/div>\n\t\t\t\t<div class=\"elementor-element elementor-element-01c1795 elementor-mobile-align-center elementor-widget elementor-widget-button\" data-id=\"01c1795\" data-element_type=\"widget\" data-e-type=\"widget\" data-widget_type=\"button.default\">\n\t\t\t\t<div class=\"elementor-widget-container\">\n\t\t\t\t\t\t\t\t\t<div class=\"elementor-button-wrapper\">\n\t\t\t\t\t<a class=\"elementor-button elementor-button-link elementor-size-sm\" href=\"https:\/\/doptim.eu\/index.php\/formations-data-science\/\">\n\t\t\t\t\t\t<span class=\"elementor-button-content-wrapper\">\n\t\t\t\t\t\t\t\t\t<span class=\"elementor-button-text\">D\u00e9couvrez toutes nos formations<\/span>\n\t\t\t\t\t<\/span>\n\t\t\t\t\t<\/a>\n\t\t\t\t<\/div>\n\t\t\t\t\t\t\t\t<\/div>\n\t\t\t\t<\/div>\n\t\t\t\t\t<\/div>\n\t\t<\/div>\n\t\t\t\t\t<\/div>\n\t\t<\/section>\n\t\t\t\t<\/div>\n\t\t","protected":false},"excerpt":{"rendered":"<p>NOS FORMATIONS Enjeux du Big Data et de l&rsquo;Intelligence Artificielle Dur\u00e9e : 1 journ\u00e9e &#8211; en pr\u00e9sentiel ou \u00e0 distance Co\u00fbt : devis sur demande ou via Captronic Niveau : d\u00e9butant Le Big Data et l&rsquo;IA couvrent plusieurs aspects de la vie \u00e9conomique\u00a0: Les technologies de traitement de donn\u00e9es qui permettent d\u2019analyser de tr\u00e8s grosses [&hellip;]<\/p>\n","protected":false},"author":1,"featured_media":0,"parent":0,"menu_order":0,"comment_status":"closed","ping_status":"closed","template":"","meta":{"site-sidebar-layout":"default","site-content-layout":"","ast-site-content-layout":"default","site-content-style":"default","site-sidebar-style":"default","ast-global-header-display":"","ast-banner-title-visibility":"","ast-main-header-display":"","ast-hfb-above-header-display":"","ast-hfb-below-header-display":"","ast-hfb-mobile-header-display":"","site-post-title":"disabled","ast-breadcrumbs-content":"","ast-featured-img":"","footer-sml-layout":"","theme-transparent-header-meta":"","adv-header-id-meta":"","stick-header-meta":"","header-above-stick-meta":"","header-main-stick-meta":"","header-below-stick-meta":"","astra-migrate-meta-layouts":"set","ast-page-background-enabled":"default","ast-page-background-meta":{"desktop":{"background-color":"","background-image":"","background-repeat":"repeat","background-position":"center center","background-size":"auto","background-attachment":"scroll","background-type":"","background-media":"","overlay-type":"","overlay-color":"","overlay-opacity":"","overlay-gradient":""},"tablet":{"background-color":"","background-image":"","background-repeat":"repeat","background-position":"center center","background-size":"auto","background-attachment":"scroll","background-type":"","background-media":"","overlay-type":"","overlay-color":"","overlay-opacity":"","overlay-gradient":""},"mobile":{"background-color":"","background-image":"","background-repeat":"repeat","background-position":"center center","background-size":"auto","background-attachment":"scroll","background-type":"","background-media":"","overlay-type":"","overlay-color":"","overlay-opacity":"","overlay-gradient":""}},"ast-content-background-meta":{"desktop":{"background-color":"var(--ast-global-color-5)","background-image":"","background-repeat":"repeat","background-position":"center center","background-size":"auto","background-attachment":"scroll","background-type":"","background-media":"","overlay-type":"","overlay-color":"","overlay-opacity":"","overlay-gradient":""},"tablet":{"background-color":"var(--ast-global-color-5)","background-image":"","background-repeat":"repeat","background-position":"center center","background-size":"auto","background-attachment":"scroll","background-type":"","background-media":"","overlay-type":"","overlay-color":"","overlay-opacity":"","overlay-gradient":""},"mobile":{"background-color":"var(--ast-global-color-5)","background-image":"","background-repeat":"repeat","background-position":"center center","background-size":"auto","background-attachment":"scroll","background-type":"","background-media":"","overlay-type":"","overlay-color":"","overlay-opacity":"","overlay-gradient":""}},"footnotes":""},"class_list":["post-1092","page","type-page","status-publish","hentry"],"_links":{"self":[{"href":"https:\/\/doptim.eu\/index.php\/wp-json\/wp\/v2\/pages\/1092","targetHints":{"allow":["GET"]}}],"collection":[{"href":"https:\/\/doptim.eu\/index.php\/wp-json\/wp\/v2\/pages"}],"about":[{"href":"https:\/\/doptim.eu\/index.php\/wp-json\/wp\/v2\/types\/page"}],"author":[{"embeddable":true,"href":"https:\/\/doptim.eu\/index.php\/wp-json\/wp\/v2\/users\/1"}],"replies":[{"embeddable":true,"href":"https:\/\/doptim.eu\/index.php\/wp-json\/wp\/v2\/comments?post=1092"}],"version-history":[{"count":8,"href":"https:\/\/doptim.eu\/index.php\/wp-json\/wp\/v2\/pages\/1092\/revisions"}],"predecessor-version":[{"id":3714,"href":"https:\/\/doptim.eu\/index.php\/wp-json\/wp\/v2\/pages\/1092\/revisions\/3714"}],"wp:attachment":[{"href":"https:\/\/doptim.eu\/index.php\/wp-json\/wp\/v2\/media?parent=1092"}],"curies":[{"name":"wp","href":"https:\/\/api.w.org\/{rel}","templated":true}]}}