{"id":1210,"date":"2021-03-17T15:22:39","date_gmt":"2021-03-17T14:22:39","guid":{"rendered":"https:\/\/doptim.eu\/?page_id=1210"},"modified":"2026-04-03T08:34:27","modified_gmt":"2026-04-03T06:34:27","slug":"actualites-ia","status":"publish","type":"page","link":"https:\/\/doptim.eu\/index.php\/actualites-ia\/","title":{"rendered":"Actualit\u00e9s"},"content":{"rendered":"<h6><span style=\"color: #99cc00;\">Nos actualit\u00e9s<\/span><\/h6>\n<h3>Ev\u00e9nements<\/h3>\n<p>Ne manquez pas nos actualit\u00e9s ni une bonne occasion de nous rencontrer !<\/p>\n<ul>\n<li><a href=\"#animal\">Ev\u00e9nements \u00e0 venir<br \/>\n<\/a><\/li>\n<li><a href=\"#personal\">Ev\u00e9nements pass\u00e9s<br \/>\n<\/a><\/li>\n<\/ul>\n<h3>Ev\u00e9nements \u00e0 venir<\/h3>\n<p>Salons professionnels, conf\u00e9rences, webinars, formations\u2026 Nous serions ravis de vous rencontrer.\u00a0 Profitez-en pour d\u00e9couvrir comment Doptim peut vous aider \u00e0 valoriser vos donn\u00e9es et booster vos projets d&rsquo;innovation.<\/p>\n<ul>\n<li><a href=\"https:\/\/www.futurs-souhaitables.org\/wp-content\/uploads\/2023\/12\/1-Entrer-en-controverse-pour-sortir-de-la-domination-dec-2023.pdf?trk=public_post_comment-text\" target=\"_blank\" rel=\"noopener\">Controverse d&rsquo;Utilit\u00e9 Publique \u00a0\u00bb High-Tech \/ Low-Tech \u00a0\u00bb &#8211; Totem de Saint-Brieuc juin 2026<\/a><\/li>\n<li><a href=\"https:\/\/www.captronic.fr\/IA-comprendre-et-pratiquer-le-Machine-Learning-applique-a-l-industrie.html\" target=\"_blank\" rel=\"noopener\">Formation IA : comprendre et pratiquer le Machine Learning appliqu\u00e9 \u00e0 l\u2019industrie du 23 au 26 juin 2026 en web-conf\u00e9rence<br \/>\n<\/a><\/li>\n<\/ul>\n<h3>Ev\u00e9nements pass\u00e9s<\/h3>\n<ul>\n<li>breizh Data Day &#8211; 20 mars 2026 &#8211; Saint-Brieuc<\/li>\n<li>Breizh Data Day &#8211; 15 mai 2025 &#8211; Saint-Brieuc<\/li>\n<li>Global Industrie &#8211; 11 au 14 mars 2025 &#8211; Eurexpo Lyon<\/li>\n<li><a href=\"https:\/\/www.imagine-summit.tech\/fr\" target=\"_blank\" rel=\"noopener\">Geneafinder \u00e0 Imagine Summit &#8211; 5 d\u00e9cembre 2024<\/a><\/li>\n<li><a href=\"https:\/\/www.breizhfab.bzh\/agenda\/atelier-lia-generative-un-accelerateur-pour-lindustrie\" target=\"_blank\" rel=\"noopener\">Atelier IA Breizh Fab &#8211; 26 novembre 2024<\/a><\/li>\n<li>Les RDV Data &amp; IA #5 &#8211; Les IA int\u00e9gr\u00e9es dans les cam\u00e9ras &#8211; 19 novembre 2024 \u00e0 11h30<\/li>\n<li>Les RDV Data &amp; IA #4 &#8211; Minage des r\u00e9seaux sociaux et analyse s\u00e9mantique par IA : un cas d\u2019\u00e9tude &#8211; 29 octobre 2024<\/li>\n<li><a href=\"https:\/\/openindustrie.bzh\" target=\"_blank\" rel=\"noopener\">Open de l&rsquo;Industrie &#8211; 24 octobre 2024<\/a><\/li>\n<li><a href=\"https:\/\/www.normandie.cci.fr\/evenement\/intelligence-artificielle-comment-lutiliser-pour-booster-votre-tpe-pme-lundi-21-octobre\" target=\"_blank\" rel=\"noopener\">Ateliers IA par la CCI Ouest Normandie &#8211; 21 octobre 2024<\/a><\/li>\n<li><a href=\"https:\/\/big.bpifrance.fr\/fr\" target=\"_blank\" rel=\"noopener\">BIG &#8211; BPIFrance &#8211; 10 octobre 2024<\/a><\/li>\n<li>Les RDV Data &amp; IA &#8211; IA et s\u00e9ries temporelles &#8211; 24 septembre 2024<\/li>\n<li><a href=\"https:\/\/www.fe-breton.bzh\" target=\"_blank\" rel=\"noopener\">Forum Economique Breton &#8211; 11-12 septembre 2024<\/a><\/li>\n<li><a href=\"https:\/\/www.id4mobility.org\/actualites\/forum-mobilites-transitions-2024-a-rennes\" target=\"_blank\" rel=\"noopener\">Forum Mobilit\u00e9s Transition &#8211; 2 juillet 2024<\/a><\/li>\n<li><a href=\"https:\/\/www.printemps-de-lia.com\" target=\"_blank\" rel=\"noopener\">Printemps de l&rsquo;IA &#8211; 20 juin 2024<\/a><\/li>\n<li>Les RDV Data &amp; IA &#8211; L&rsquo;IA pour \u00e9valuer la qualit\u00e9 des soudures &#8211; 18 juin 2024<\/li>\n<li><a href=\"https:\/\/manufacturingdigitalinnovation.fr\" target=\"_blank\" rel=\"noopener\">Manufacturing Digital Innovation &#8211; 23 mai 2024<\/a><\/li>\n<li><a href=\"https:\/\/www.bpifrance-universite.fr\/formation\/table-ronde-intelligence-artificielle-une-nouvelle-alliee-pour-lindustrie\/\" target=\"_blank\" rel=\"noopener\">Table ronde BPI France &#8211; L&rsquo;IA une nouvelle alli\u00e9e pour l&rsquo;industrie &#8211; 9 avril 2024<\/a><\/li>\n<li><a href=\"https:\/\/breizhdataday.innozh.fr\" target=\"_blank\" rel=\"noopener\">Breizh Data Day &#8211; 28 mars 2024<\/a><\/li>\n<li>Global Industrie &#8211; 25-28 mars 2024<\/li>\n<li>Webinar AURA x BPI France &#8211; 19 mars 2024<\/li>\n<li><a href=\"https:\/\/www.westdatafestival.fr\" target=\"_blank\" rel=\"noopener\">West Data Festival &#8211; 13 mars 2024<\/a><\/li>\n<li>Imagine Summit &#8211; 7 d\u00e9cembre 2023<\/li>\n<li>Formation Cap&rsquo;tronic &#8211; Initiation \u00e0 l&rsquo;IA &#8211; 21-24 novembre 2023<\/li>\n<li>West Web Festival &#8211; 13 juillet 2023<\/li>\n<li><a href=\"https:\/\/cosming2023.fr\" target=\"_blank\" rel=\"noopener\">Cosm&rsquo;ing 2023 &#8211; 5-6-7 juillet 2023<\/a><\/li>\n<li>Webinar Retex : mise en oeuvre de l&rsquo;IA en contr\u00f4le de soudure &#8211; 4 juillet 2023<\/li>\n<li><a href=\"https:\/\/www.santexpo.com\" target=\"_blank\" rel=\"noopener\">SantExpo &#8211; 23-24-25 mai 2023<\/a><\/li>\n<li><a href=\"https:\/\/breizhdataday.github.io\" target=\"_blank\" rel=\"noopener\">Breizh Data Day &#8211; 4 avril 2023<\/a><\/li>\n<li>Grand Ouest Innovation &#8211; 6 mars 2023<\/li>\n<li>Open de l&rsquo;Industrie &#8211; 13 octobre 2022<\/li>\n<li>Forum Open Innovation &#8211; 28 avril 2022<\/li>\n<li>Digital Tech Conf\u00e9rence &#8211; 3 d\u00e9cembre 2021<\/li>\n<li>Cetim &#8211; Forum Innovation &#8211; 30 novrembe 2021<\/li>\n<li>Rencontres ESEO &#8211; 25 novembre 2021<\/li>\n<li>Grand Ouest Innovations &#8211; 13 novembre 2021<\/li>\n<li>Rencontres de la fili\u00e8re Sant\u00e9 &#8211; 12 octobre 2021<\/li>\n<li>EFI Sant\u00e9 &#8211; 23 septembre 2021<\/li>\n<li>Global Industrie &#8211; 6-9 septembre 2021<\/li>\n<li>Cosm&rsquo;ing &#8211; 30-2 juillet 2021<\/li>\n<li>ADSA Final Event &#8211; 29-30 juin 2021<\/li>\n<li>CFIA Rennes &#8211; 8-9-10 juin 2021<\/li>\n<li>Breizh Fab &#8211; Boostez votre ERP &#8211; 18 mai 2021<\/li>\n<li>Forum Open Innovation &#8211; 22 avril 2021<\/li>\n<li>Salon Breizh Fab &#8211; 10-11-12 mars 2021<\/li>\n<\/ul>\n","protected":false},"excerpt":{"rendered":"<p>Nos actualit\u00e9s Ev\u00e9nements Ne manquez pas nos actualit\u00e9s ni une bonne occasion de nous rencontrer ! Ev\u00e9nements \u00e0 venir Ev\u00e9nements pass\u00e9s Ev\u00e9nements \u00e0 venir Salons professionnels, conf\u00e9rences, webinars, formations\u2026 Nous serions ravis de vous rencontrer.\u00a0 Profitez-en pour d\u00e9couvrir comment Doptim peut vous aider \u00e0 valoriser vos donn\u00e9es et booster vos projets d&rsquo;innovation. Controverse d&rsquo;Utilit\u00e9 Publique [&hellip;]<\/p>\n","protected":false},"author":1,"featured_media":0,"parent":0,"menu_order":0,"comment_status":"closed","ping_status":"closed","template":"","meta":{"site-sidebar-layout":"default","site-content-layout":"","ast-site-content-layout":"default","site-content-style":"default","site-sidebar-style":"default","ast-global-header-display":"","ast-banner-title-visibility":"","ast-main-header-display":"","ast-hfb-above-header-display":"","ast-hfb-below-header-display":"","ast-hfb-mobile-header-display":"","site-post-title":"disabled","ast-breadcrumbs-content":"","ast-featured-img":"","footer-sml-layout":"","theme-transparent-header-meta":"","adv-header-id-meta":"","stick-header-meta":"","header-above-stick-meta":"","header-main-stick-meta":"","header-below-stick-meta":"","astra-migrate-meta-layouts":"set","ast-page-background-enabled":"default","ast-page-background-meta":{"desktop":{"background-color":"","background-image":"","background-repeat":"repeat","background-position":"center center","background-size":"auto","background-attachment":"scroll","background-type":"","background-media":"","overlay-type":"","overlay-color":"","overlay-opacity":"","overlay-gradient":""},"tablet":{"background-color":"","background-image":"","background-repeat":"repeat","background-position":"center center","background-size":"auto","background-attachment":"scroll","background-type":"","background-media":"","overlay-type":"","overlay-color":"","overlay-opacity":"","overlay-gradient":""},"mobile":{"background-color":"","background-image":"","background-repeat":"repeat","background-position":"center center","background-size":"auto","background-attachment":"scroll","background-type":"","background-media":"","overlay-type":"","overlay-color":"","overlay-opacity":"","overlay-gradient":""}},"ast-content-background-meta":{"desktop":{"background-color":"var(--ast-global-color-5)","background-image":"","background-repeat":"repeat","background-position":"center center","background-size":"auto","background-attachment":"scroll","background-type":"","background-media":"","overlay-type":"","overlay-color":"","overlay-opacity":"","overlay-gradient":""},"tablet":{"background-color":"var(--ast-global-color-5)","background-image":"","background-repeat":"repeat","background-position":"center center","background-size":"auto","background-attachment":"scroll","background-type":"","background-media":"","overlay-type":"","overlay-color":"","overlay-opacity":"","overlay-gradient":""},"mobile":{"background-color":"var(--ast-global-color-5)","background-image":"","background-repeat":"repeat","background-position":"center center","background-size":"auto","background-attachment":"scroll","background-type":"","background-media":"","overlay-type":"","overlay-color":"","overlay-opacity":"","overlay-gradient":""}},"footnotes":""},"class_list":["post-1210","page","type-page","status-publish","hentry"],"_links":{"self":[{"href":"https:\/\/doptim.eu\/index.php\/wp-json\/wp\/v2\/pages\/1210","targetHints":{"allow":["GET"]}}],"collection":[{"href":"https:\/\/doptim.eu\/index.php\/wp-json\/wp\/v2\/pages"}],"about":[{"href":"https:\/\/doptim.eu\/index.php\/wp-json\/wp\/v2\/types\/page"}],"author":[{"embeddable":true,"href":"https:\/\/doptim.eu\/index.php\/wp-json\/wp\/v2\/users\/1"}],"replies":[{"embeddable":true,"href":"https:\/\/doptim.eu\/index.php\/wp-json\/wp\/v2\/comments?post=1210"}],"version-history":[{"count":49,"href":"https:\/\/doptim.eu\/index.php\/wp-json\/wp\/v2\/pages\/1210\/revisions"}],"predecessor-version":[{"id":3745,"href":"https:\/\/doptim.eu\/index.php\/wp-json\/wp\/v2\/pages\/1210\/revisions\/3745"}],"wp:attachment":[{"href":"https:\/\/doptim.eu\/index.php\/wp-json\/wp\/v2\/media?parent=1210"}],"curies":[{"name":"wp","href":"https:\/\/api.w.org\/{rel}","templated":true}]}}