{"id":2056,"date":"2022-07-28T12:08:52","date_gmt":"2022-07-28T10:08:52","guid":{"rendered":"https:\/\/doptim.eu\/?page_id=2056"},"modified":"2024-11-26T17:05:39","modified_gmt":"2024-11-26T16:05:39","slug":"cas-clients-patrimoine","status":"publish","type":"page","link":"https:\/\/doptim.eu\/index.php\/cas-clients-patrimoine\/","title":{"rendered":"Cas Clients &#8211; Patrimoine"},"content":{"rendered":"\t\t<div data-elementor-type=\"wp-page\" data-elementor-id=\"2056\" class=\"elementor elementor-2056\">\n\t\t\t\t\t\t<section class=\"elementor-section elementor-top-section elementor-element elementor-element-161d042d elementor-section-boxed elementor-section-height-default elementor-section-height-default\" data-id=\"161d042d\" data-element_type=\"section\" data-e-type=\"section\" data-settings=\"{&quot;background_background&quot;:&quot;classic&quot;}\">\n\t\t\t\t\t\t\t<div class=\"elementor-background-overlay\"><\/div>\n\t\t\t\t\t\t\t<div class=\"elementor-container elementor-column-gap-no\">\n\t\t\t\t\t<div class=\"elementor-column elementor-col-50 elementor-top-column elementor-element elementor-element-51ed4f6e\" data-id=\"51ed4f6e\" data-element_type=\"column\" data-e-type=\"column\">\n\t\t\t<div class=\"elementor-widget-wrap elementor-element-populated\">\n\t\t\t\t\t\t<div class=\"elementor-element elementor-element-22fa8d7e elementor-hidden-mobile elementor-widget elementor-widget-image\" data-id=\"22fa8d7e\" data-element_type=\"widget\" data-e-type=\"widget\" data-widget_type=\"image.default\">\n\t\t\t\t<div class=\"elementor-widget-container\">\n\t\t\t\t\t\t\t\t\t\t\t\t\t\t\t<img fetchpriority=\"high\" decoding=\"async\" width=\"1005\" height=\"807\" src=\"https:\/\/doptim.eu\/wp-content\/uploads\/2022\/08\/cas-client-patrimoine.png\" class=\"attachment-full size-full wp-image-2392\" alt=\"Doptim-Cas Clients-Patrimoine\" srcset=\"https:\/\/doptim.eu\/wp-content\/uploads\/2022\/08\/cas-client-patrimoine.png 1005w, https:\/\/doptim.eu\/wp-content\/uploads\/2022\/08\/cas-client-patrimoine-300x241.png 300w, https:\/\/doptim.eu\/wp-content\/uploads\/2022\/08\/cas-client-patrimoine-768x617.png 768w\" sizes=\"(max-width: 1005px) 100vw, 1005px\" title=\"\">\t\t\t\t\t\t\t\t\t\t\t\t\t\t\t<\/div>\n\t\t\t\t<\/div>\n\t\t\t\t\t<\/div>\n\t\t<\/div>\n\t\t\t\t<div class=\"elementor-column elementor-col-50 elementor-top-column elementor-element elementor-element-781a160f\" data-id=\"781a160f\" data-element_type=\"column\" data-e-type=\"column\">\n\t\t\t<div class=\"elementor-widget-wrap elementor-element-populated\">\n\t\t\t\t\t\t<div class=\"elementor-element elementor-element-40943625 elementor-widget elementor-widget-heading\" data-id=\"40943625\" data-element_type=\"widget\" data-e-type=\"widget\" data-widget_type=\"heading.default\">\n\t\t\t\t<div class=\"elementor-widget-container\">\n\t\t\t\t\t<h6 class=\"elementor-heading-title elementor-size-default\">Nos cas clients<\/h6>\t\t\t\t<\/div>\n\t\t\t\t<\/div>\n\t\t\t\t<div class=\"elementor-element elementor-element-684d0706 elementor-widget elementor-widget-heading\" data-id=\"684d0706\" data-element_type=\"widget\" data-e-type=\"widget\" data-widget_type=\"heading.default\">\n\t\t\t\t<div class=\"elementor-widget-container\">\n\t\t\t\t\t<h1 class=\"elementor-heading-title elementor-size-xl\">Patrimoine<\/h1>\t\t\t\t<\/div>\n\t\t\t\t<\/div>\n\t\t\t\t<div class=\"elementor-element elementor-element-4d8e2599 elementor-widget elementor-widget-text-editor\" data-id=\"4d8e2599\" data-element_type=\"widget\" data-e-type=\"widget\" data-widget_type=\"text-editor.default\">\n\t\t\t\t<div class=\"elementor-widget-container\">\n\t\t\t\t\t\t\t\t\t<p><strong>Doptim met son expertise en IA\/Big Data\/RGPD au service\u00a0du patrimoine culturel et investit en recherche et Innovation depuis plusieurs ann\u00e9es pour rendre la richesse des archives accessibles au plus grand nombre.<\/strong><\/p><p>En mettant l\u2019IA et le traitement des donn\u00e9es \u00e0 votre port\u00e9e, nous vous aidons \u00e0 plonger dans la richesse des archives.<\/p>\t\t\t\t\t\t\t\t<\/div>\n\t\t\t\t<\/div>\n\t\t\t\t<div class=\"elementor-element elementor-element-6e057579 elementor-widget elementor-widget-button\" data-id=\"6e057579\" data-element_type=\"widget\" data-e-type=\"widget\" data-widget_type=\"button.default\">\n\t\t\t\t<div class=\"elementor-widget-container\">\n\t\t\t\t\t\t\t\t\t<div class=\"elementor-button-wrapper\">\n\t\t\t\t\t<a class=\"elementor-button elementor-button-link elementor-size-sm\" href=\"https:\/\/doptim.eu\/index.php\/contact\/\">\n\t\t\t\t\t\t<span class=\"elementor-button-content-wrapper\">\n\t\t\t\t\t\t\t\t\t<span class=\"elementor-button-text\">Nous contacter<\/span>\n\t\t\t\t\t<\/span>\n\t\t\t\t\t<\/a>\n\t\t\t\t<\/div>\n\t\t\t\t\t\t\t\t<\/div>\n\t\t\t\t<\/div>\n\t\t\t\t<div class=\"elementor-element elementor-element-3da38d01 elementor-widget elementor-widget-spacer\" data-id=\"3da38d01\" data-element_type=\"widget\" data-e-type=\"widget\" data-widget_type=\"spacer.default\">\n\t\t\t\t<div class=\"elementor-widget-container\">\n\t\t\t\t\t\t\t<div class=\"elementor-spacer\">\n\t\t\t<div class=\"elementor-spacer-inner\"><\/div>\n\t\t<\/div>\n\t\t\t\t\t\t<\/div>\n\t\t\t\t<\/div>\n\t\t\t\t\t<\/div>\n\t\t<\/div>\n\t\t\t\t\t<\/div>\n\t\t<\/section>\n\t\t\t\t<section class=\"elementor-section elementor-top-section elementor-element elementor-element-1f785d11 elementor-section-boxed elementor-section-height-default elementor-section-height-default\" data-id=\"1f785d11\" data-element_type=\"section\" data-e-type=\"section\" data-settings=\"{&quot;background_background&quot;:&quot;classic&quot;}\">\n\t\t\t\t\t\t<div class=\"elementor-container elementor-column-gap-no\">\n\t\t\t\t\t<div class=\"elementor-column elementor-col-100 elementor-top-column elementor-element elementor-element-6a0000bc\" data-id=\"6a0000bc\" data-element_type=\"column\" data-e-type=\"column\">\n\t\t\t<div class=\"elementor-widget-wrap elementor-element-populated\">\n\t\t\t\t\t\t<section class=\"elementor-section elementor-inner-section elementor-element elementor-element-6e40afc2 elementor-section-boxed elementor-section-height-default elementor-section-height-default\" data-id=\"6e40afc2\" data-element_type=\"section\" data-e-type=\"section\" data-settings=\"{&quot;background_background&quot;:&quot;classic&quot;}\">\n\t\t\t\t\t\t<div class=\"elementor-container elementor-column-gap-no\">\n\t\t\t\t\t<div class=\"elementor-column elementor-col-50 elementor-inner-column elementor-element elementor-element-538c94d9\" data-id=\"538c94d9\" data-element_type=\"column\" data-e-type=\"column\">\n\t\t\t<div class=\"elementor-widget-wrap elementor-element-populated\">\n\t\t\t\t\t\t<div class=\"elementor-element elementor-element-62ca97ff elementor-view-default elementor-widget elementor-widget-icon\" data-id=\"62ca97ff\" data-element_type=\"widget\" data-e-type=\"widget\" data-widget_type=\"icon.default\">\n\t\t\t\t<div class=\"elementor-widget-container\">\n\t\t\t\t\t\t\t<div class=\"elementor-icon-wrapper\">\n\t\t\t<div class=\"elementor-icon\">\n\t\t\t<svg aria-hidden=\"true\" class=\"e-font-icon-svg e-fas-check-circle\" viewBox=\"0 0 512 512\" xmlns=\"http:\/\/www.w3.org\/2000\/svg\"><path d=\"M504 256c0 136.967-111.033 248-248 248S8 392.967 8 256 119.033 8 256 8s248 111.033 248 248zM227.314 387.314l184-184c6.248-6.248 6.248-16.379 0-22.627l-22.627-22.627c-6.248-6.249-16.379-6.249-22.628 0L216 308.118l-70.059-70.059c-6.248-6.248-16.379-6.248-22.628 0l-22.627 22.627c-6.248 6.248-6.248 16.379 0 22.627l104 104c6.249 6.249 16.379 6.249 22.628.001z\"><\/path><\/svg>\t\t\t<\/div>\n\t\t<\/div>\n\t\t\t\t\t\t<\/div>\n\t\t\t\t<\/div>\n\t\t\t\t\t<\/div>\n\t\t<\/div>\n\t\t\t\t<div class=\"elementor-column elementor-col-50 elementor-inner-column elementor-element elementor-element-4f62e1ab\" data-id=\"4f62e1ab\" data-element_type=\"column\" data-e-type=\"column\">\n\t\t\t<div class=\"elementor-widget-wrap elementor-element-populated\">\n\t\t\t\t\t\t<div class=\"elementor-element elementor-element-7d44f6ea elementor-widget elementor-widget-heading\" data-id=\"7d44f6ea\" data-element_type=\"widget\" data-e-type=\"widget\" data-widget_type=\"heading.default\">\n\t\t\t\t<div class=\"elementor-widget-container\">\n\t\t\t\t\t<h2 class=\"elementor-heading-title elementor-size-default\">Geneafinder<\/h2>\t\t\t\t<\/div>\n\t\t\t\t<\/div>\n\t\t\t\t<div class=\"elementor-element elementor-element-65da5796 elementor-widget elementor-widget-text-editor\" data-id=\"65da5796\" data-element_type=\"widget\" data-e-type=\"widget\" data-widget_type=\"text-editor.default\">\n\t\t\t\t<div class=\"elementor-widget-container\">\n\t\t\t\t\t\t\t\t\t<p>L&rsquo;IA pour la g\u00e9n\u00e9alogie &#8211; Doptim d\u00e9veloppe et op\u00e8re Geneafinder &#8211; site de g\u00e9n\u00e9alogie grand public avec des outils de pr\u00e9diction et de gestion des donn\u00e9es performants.<\/p>\t\t\t\t\t\t\t\t<\/div>\n\t\t\t\t<\/div>\n\t\t\t\t<div class=\"elementor-element elementor-element-8810ef2 elementor-widget elementor-widget-text-editor\" data-id=\"8810ef2\" data-element_type=\"widget\" data-e-type=\"widget\" data-widget_type=\"text-editor.default\">\n\t\t\t\t<div class=\"elementor-widget-container\">\n\t\t\t\t\t\t\t\t\t<p><strong>Objectifs : <\/strong>faciliter le travail des g\u00e9n\u00e9alogistes amateurs ou exp\u00e9riment\u00e9s, de l&rsquo;exploration des archives \u00e0 l&rsquo;enrichissement de leur arbre g\u00e9n\u00e9alogique et prot\u00e9ger la vie priv\u00e9e des utilisateurs qui d\u00e9cident seuls avec qui partager leurs donn\u00e9es familiales.<\/p><p><strong>Solution :<\/strong>\u00a0\u00a0<a href=\"https:\/\/geneafinder.com\" target=\"_blank\" rel=\"noopener\"><strong>geneafinder.com <\/strong><\/a>est une plateforme en ligne avec des services gratuits et de nombreux guides pour construire son arbre g\u00e9n\u00e9alogique. <a href=\"https:\/\/geneafinder.com\/feature\" target=\"_blank\" rel=\"noopener\">Des outils avanc\u00e9es<\/a> permettent aux utilisateurs d&rsquo;enrichir leur histoire familiale avec : un galerie multim\u00e9dias et une gazette Souvenirs, un v\u00e9rificateur de donn\u00e9es de l&rsquo;arbre, un gestionnaire de t\u00e2ches, des statistiques ludiques&#8230;\u00a0<\/p><p>Les utilisateurs de Geneafinder b\u00e9n\u00e9ficient aussi d&rsquo;une gestion fine des droits d&rsquo;acc\u00e8s \u00e0 leur g\u00e9n\u00e9alogie pour travailler <a href=\"https:\/\/geneafinder.com\/subscription\" target=\"_blank\" rel=\"noopener\">seul, \u00e0 deux ou en famille sur leurs donn\u00e9es familiales<\/a>.<\/p>\t\t\t\t\t\t\t\t<\/div>\n\t\t\t\t<\/div>\n\t\t\t\t\t<\/div>\n\t\t<\/div>\n\t\t\t\t\t<\/div>\n\t\t<\/section>\n\t\t\t\t<div class=\"elementor-element elementor-element-19c93745 elementor-widget elementor-widget-heading\" data-id=\"19c93745\" data-element_type=\"widget\" data-e-type=\"widget\" data-widget_type=\"heading.default\">\n\t\t\t\t<div class=\"elementor-widget-container\">\n\t\t\t\t\t<h2 class=\"elementor-heading-title elementor-size-medium\">Pour en savoir plus :<\/h2>\t\t\t\t<\/div>\n\t\t\t\t<\/div>\n\t\t\t\t<div class=\"elementor-element elementor-element-4a1f71d9 elementor-mobile-align-center elementor-widget elementor-widget-button\" data-id=\"4a1f71d9\" data-element_type=\"widget\" data-e-type=\"widget\" data-widget_type=\"button.default\">\n\t\t\t\t<div class=\"elementor-widget-container\">\n\t\t\t\t\t\t\t\t\t<div class=\"elementor-button-wrapper\">\n\t\t\t\t\t<a class=\"elementor-button elementor-button-link elementor-size-sm\" href=\"https:\/\/doptim.eu\/index.php\/contact\/\">\n\t\t\t\t\t\t<span class=\"elementor-button-content-wrapper\">\n\t\t\t\t\t\t\t\t\t<span class=\"elementor-button-text\">Une question ? Besoin d'un devis ?<\/span>\n\t\t\t\t\t<\/span>\n\t\t\t\t\t<\/a>\n\t\t\t\t<\/div>\n\t\t\t\t\t\t\t\t<\/div>\n\t\t\t\t<\/div>\n\t\t\t\t<div class=\"elementor-element elementor-element-108ebabd elementor-mobile-align-center elementor-widget elementor-widget-button\" data-id=\"108ebabd\" data-element_type=\"widget\" data-e-type=\"widget\" data-widget_type=\"button.default\">\n\t\t\t\t<div class=\"elementor-widget-container\">\n\t\t\t\t\t\t\t\t\t<div class=\"elementor-button-wrapper\">\n\t\t\t\t\t<a class=\"elementor-button elementor-button-link elementor-size-sm\" href=\"https:\/\/doptim.eu\/index.php\/cas-clients\/\">\n\t\t\t\t\t\t<span class=\"elementor-button-content-wrapper\">\n\t\t\t\t\t\t\t\t\t<span class=\"elementor-button-text\">D\u00e9couvrir tous nos Cas Clients<\/span>\n\t\t\t\t\t<\/span>\n\t\t\t\t\t<\/a>\n\t\t\t\t<\/div>\n\t\t\t\t\t\t\t\t<\/div>\n\t\t\t\t<\/div>\n\t\t\t\t\t<\/div>\n\t\t<\/div>\n\t\t\t\t\t<\/div>\n\t\t<\/section>\n\t\t\t\t<\/div>\n\t\t","protected":false},"excerpt":{"rendered":"<p>Nos cas clients Patrimoine Doptim met son expertise en IA\/Big Data\/RGPD au service\u00a0du patrimoine culturel et investit en recherche et Innovation depuis plusieurs ann\u00e9es pour rendre la richesse des archives accessibles au plus grand nombre. En mettant l\u2019IA et le traitement des donn\u00e9es \u00e0 votre port\u00e9e, nous vous aidons \u00e0 plonger dans la richesse des [&hellip;]<\/p>\n","protected":false},"author":1,"featured_media":0,"parent":0,"menu_order":0,"comment_status":"closed","ping_status":"closed","template":"","meta":{"site-sidebar-layout":"no-sidebar","site-content-layout":"page-builder","ast-site-content-layout":"","site-content-style":"default","site-sidebar-style":"default","ast-global-header-display":"","ast-banner-title-visibility":"","ast-main-header-display":"","ast-hfb-above-header-display":"","ast-hfb-below-header-display":"","ast-hfb-mobile-header-display":"","site-post-title":"disabled","ast-breadcrumbs-content":"","ast-featured-img":"disabled","footer-sml-layout":"","theme-transparent-header-meta":"","adv-header-id-meta":"","stick-header-meta":"","header-above-stick-meta":"","header-main-stick-meta":"","header-below-stick-meta":"","astra-migrate-meta-layouts":"default","ast-page-background-enabled":"default","ast-page-background-meta":{"desktop":{"background-color":"","background-image":"","background-repeat":"repeat","background-position":"center center","background-size":"auto","background-attachment":"scroll","background-type":"","background-media":"","overlay-type":"","overlay-color":"","overlay-opacity":"","overlay-gradient":""},"tablet":{"background-color":"","background-image":"","background-repeat":"repeat","background-position":"center center","background-size":"auto","background-attachment":"scroll","background-type":"","background-media":"","overlay-type":"","overlay-color":"","overlay-opacity":"","overlay-gradient":""},"mobile":{"background-color":"","background-image":"","background-repeat":"repeat","background-position":"center center","background-size":"auto","background-attachment":"scroll","background-type":"","background-media":"","overlay-type":"","overlay-color":"","overlay-opacity":"","overlay-gradient":""}},"ast-content-background-meta":{"desktop":{"background-color":"var(--ast-global-color-5)","background-image":"","background-repeat":"repeat","background-position":"center center","background-size":"auto","background-attachment":"scroll","background-type":"","background-media":"","overlay-type":"","overlay-color":"","overlay-opacity":"","overlay-gradient":""},"tablet":{"background-color":"var(--ast-global-color-5)","background-image":"","background-repeat":"repeat","background-position":"center center","background-size":"auto","background-attachment":"scroll","background-type":"","background-media":"","overlay-type":"","overlay-color":"","overlay-opacity":"","overlay-gradient":""},"mobile":{"background-color":"var(--ast-global-color-5)","background-image":"","background-repeat":"repeat","background-position":"center center","background-size":"auto","background-attachment":"scroll","background-type":"","background-media":"","overlay-type":"","overlay-color":"","overlay-opacity":"","overlay-gradient":""}},"footnotes":""},"class_list":["post-2056","page","type-page","status-publish","hentry"],"_links":{"self":[{"href":"https:\/\/doptim.eu\/index.php\/wp-json\/wp\/v2\/pages\/2056","targetHints":{"allow":["GET"]}}],"collection":[{"href":"https:\/\/doptim.eu\/index.php\/wp-json\/wp\/v2\/pages"}],"about":[{"href":"https:\/\/doptim.eu\/index.php\/wp-json\/wp\/v2\/types\/page"}],"author":[{"embeddable":true,"href":"https:\/\/doptim.eu\/index.php\/wp-json\/wp\/v2\/users\/1"}],"replies":[{"embeddable":true,"href":"https:\/\/doptim.eu\/index.php\/wp-json\/wp\/v2\/comments?post=2056"}],"version-history":[{"count":3,"href":"https:\/\/doptim.eu\/index.php\/wp-json\/wp\/v2\/pages\/2056\/revisions"}],"predecessor-version":[{"id":3282,"href":"https:\/\/doptim.eu\/index.php\/wp-json\/wp\/v2\/pages\/2056\/revisions\/3282"}],"wp:attachment":[{"href":"https:\/\/doptim.eu\/index.php\/wp-json\/wp\/v2\/media?parent=2056"}],"curies":[{"name":"wp","href":"https:\/\/api.w.org\/{rel}","templated":true}]}}