{"id":2437,"date":"2022-10-13T09:21:12","date_gmt":"2022-10-13T07:21:12","guid":{"rendered":"https:\/\/doptim.eu\/?page_id=2437"},"modified":"2023-08-10T15:32:04","modified_gmt":"2023-08-10T13:32:04","slug":"mentions-legales","status":"publish","type":"page","link":"https:\/\/doptim.eu\/index.php\/mentions-legales\/","title":{"rendered":"Mentions l\u00e9gales"},"content":{"rendered":"\n<div style=\"height:76px\" aria-hidden=\"true\" class=\"wp-block-spacer\"><\/div>\n\n\n\n<h2 class=\"wp-block-heading\">Mentions l\u00e9gales<\/h2>\n\n\n\n<div style=\"height:76px\" aria-hidden=\"true\" class=\"wp-block-spacer\"><\/div>\n\n\n\n<h3 class=\"wp-block-heading\">Edition : <\/h3>\n\n\n\n<p>Doptim : https:\/\/doptim.eu<\/p>\n\n\n\n<p>SAS au capital social de 30000 \u20ac<\/p>\n\n\n\n<p>824-659-056 R.C.S. RENNES<\/p>\n\n\n\n<p>3 all\u00e9e des Bardes, 35760 Saint-Gr\u00e9goire, France<\/p>\n\n\n\n<div style=\"height:76px\" aria-hidden=\"true\" class=\"wp-block-spacer\"><\/div>\n\n\n\n<h3 class=\"wp-block-heading\">H\u00e9bergement : <\/h3>\n\n\n\n<p>Site h\u00e9berg\u00e9 par&nbsp;<a href=\"http:\/\/ovh.com\/\" target=\"_blank\" rel=\"noreferrer noopener\">OVH<\/a> \u00e0 Gravelines (France)<\/p>\n\n\n\n<p>2 rue kellermann, BP 80157, 59053 Roubaix, France<\/p>\n\n\n\n<div style=\"height:100px\" aria-hidden=\"true\" class=\"wp-block-spacer\"><\/div>\n\n\n\n<h3 class=\"wp-block-heading\">Donn\u00e9es personnelles :<\/h3>\n\n\n\n<p>Il vous est possible de visiter notre site doptim.eu sur Internet sans avoir \u00e0 d\u00e9cliner votre identit\u00e9 et \u00e0 fournir des informations personnelles. Cependant, nous pouvons parfois vous demander des informations, lorsque vous souhaitez nous contacter via notre formulaire de contact par exemple. <\/p>\n\n\n\n<p>Ces donn\u00e9es personnelles ne sont en aucun cas transmises \u00e0 des Tiers.<\/p>\n\n\n\n<p>Conform\u00e9ment \u00e0 la <a href=\"https:\/\/www.legifrance.gouv.fr\/jorf\/id\/JORFTEXT000037085952\" data-type=\"URL\" data-id=\"https:\/\/www.legifrance.gouv.fr\/jorf\/id\/JORFTEXT000037085952\" target=\"_blank\" rel=\"noreferrer noopener\">loi n\u00b0 2018-493 du 20 juin 2018<\/a>, vous disposez d\u2019un droit d\u2019acc\u00e8s, de rectification, de portabilit\u00e9 et de suppression d\u00e9finitive portant sur vos donn\u00e9es personnelles, que vous pouvez exercer aupr\u00e8s de Doptim \u00e0 l\u2019adresse du si\u00e8ge social de la soci\u00e9t\u00e9.<\/p>\n\n\n\n<div style=\"height:100px\" aria-hidden=\"true\" class=\"wp-block-spacer\"><\/div>\n\n\n\n<p><\/p>\n\n\n\n<h3 class=\"wp-block-heading\">R\u00e9glementations en mati\u00e8re de protection des donn\u00e9es \u00e0 caract\u00e8re personnel :<\/h3>\n\n\n\n<p>Il existe diff\u00e9rents textes de port\u00e9e internationale, europ\u00e9enne ou nationale qui sont aujourd\u2019hui applicables en mati\u00e8re de protection des donn\u00e9es \u00e0 caract\u00e8re personnel. Les principaux sont les suivants :<\/p>\n\n\n\n<ul class=\"wp-block-list\">\n<li><a href=\"https:\/\/www.legifrance.gouv.fr\/affichTexte.do?cidTexte=JORFTEXT000000886460\" rel=\"noreferrer noopener\" target=\"_blank\">Loi n\u00b0 78-17 du 6 janvier 1978 relative \u00e0 l&rsquo;informatique, aux fichiers et aux libert\u00e9s.<\/a><\/li>\n\n\n\n<li><a href=\"http:\/\/eur-lex.europa.eu\/legal-content\/FR\/TXT\/?uri=celex%3A31995L0046\" rel=\"noreferrer noopener\" target=\"_blank\">Directive 95\/46\/CE du Parlement europ\u00e9en et du Conseil, du 24 octobre 1995, relative \u00e0 la protection des personnes physiques \u00e0 l&rsquo;\u00e9gard du traitement des donn\u00e9es \u00e0 caract\u00e8re personnel et \u00e0 la libre circulation de ces donn\u00e9es, abrog\u00e9e le 25 mai 2018 par le R\u00e8glement (UE) 2016\/679.<\/a><\/li>\n\n\n\n<li><a href=\"http:\/\/eur-lex.europa.eu\/legal-content\/FR\/TXT\/?uri=CELEX%3A32016R0679\" rel=\"noreferrer noopener\" target=\"_blank\">R\u00e8glement (UE) 2016\/679 du Parlement europ\u00e9en et du Conseil du 27 avril 2016 relatif \u00e0 la protection des personnes physiques \u00e0 l&rsquo;\u00e9gard du traitement des donn\u00e9es \u00e0 caract\u00e8re personnel et \u00e0 la libre circulation de ces donn\u00e9es, et abrogeant la directive 95\/46\/CE (r\u00e8glement g\u00e9n\u00e9ral sur la protection des donn\u00e9es).<\/a><\/li>\n\n\n\n<li><a href=\"http:\/\/eur-lex.europa.eu\/legal-content\/FR\/TXT\/?uri=CELEX%3A12012P%2FTXT\" rel=\"noreferrer noopener\" target=\"_blank\">Charte des droits fondamentaux de l\u2019Union europ\u00e9enne (2012\/C 326\/02).<\/a><\/li>\n\n\n\n<li><a href=\"https:\/\/www.coe.int\/fr\/web\/conventions\/full-list\/-\/conventions\/treaty\/108\" rel=\"noreferrer noopener\" target=\"_blank\">Convention pour la protection des personnes \u00e0 l&rsquo;\u00e9gard du traitement automatis\u00e9 des donn\u00e9es \u00e0 caract\u00e8re personnel.<\/a><\/li>\n<\/ul>\n\n\n\n<p>Doptim s\u2019engage \u00e0 se conformer aux obligations lui incombant en vertu des r\u00e9glementations suscit\u00e9es et, particuli\u00e8rement, du R\u00e8glement g\u00e9n\u00e9ral sur la protection des donn\u00e9es (RGPD). <\/p>\n","protected":false},"excerpt":{"rendered":"<p>Mentions l\u00e9gales Edition : Doptim : https:\/\/doptim.eu SAS au capital social de 30000 \u20ac 824-659-056 R.C.S. RENNES 3 all\u00e9e des Bardes, 35760 Saint-Gr\u00e9goire, France H\u00e9bergement : Site h\u00e9berg\u00e9 par&nbsp;OVH \u00e0 Gravelines (France) 2 rue kellermann, BP 80157, 59053 Roubaix, France Donn\u00e9es personnelles : Il vous est possible de visiter notre site doptim.eu sur Internet sans [&hellip;]<\/p>\n","protected":false},"author":1,"featured_media":0,"parent":0,"menu_order":0,"comment_status":"closed","ping_status":"closed","template":"","meta":{"site-sidebar-layout":"default","site-content-layout":"","ast-site-content-layout":"","site-content-style":"default","site-sidebar-style":"default","ast-global-header-display":"","ast-banner-title-visibility":"","ast-main-header-display":"","ast-hfb-above-header-display":"","ast-hfb-below-header-display":"","ast-hfb-mobile-header-display":"","site-post-title":"disabled","ast-breadcrumbs-content":"","ast-featured-img":"","footer-sml-layout":"","theme-transparent-header-meta":"","adv-header-id-meta":"","stick-header-meta":"","header-above-stick-meta":"","header-main-stick-meta":"","header-below-stick-meta":"","astra-migrate-meta-layouts":"default","ast-page-background-enabled":"default","ast-page-background-meta":{"desktop":{"background-color":"","background-image":"","background-repeat":"repeat","background-position":"center center","background-size":"auto","background-attachment":"scroll","background-type":"","background-media":"","overlay-type":"","overlay-color":"","overlay-opacity":"","overlay-gradient":""},"tablet":{"background-color":"","background-image":"","background-repeat":"repeat","background-position":"center center","background-size":"auto","background-attachment":"scroll","background-type":"","background-media":"","overlay-type":"","overlay-color":"","overlay-opacity":"","overlay-gradient":""},"mobile":{"background-color":"","background-image":"","background-repeat":"repeat","background-position":"center center","background-size":"auto","background-attachment":"scroll","background-type":"","background-media":"","overlay-type":"","overlay-color":"","overlay-opacity":"","overlay-gradient":""}},"ast-content-background-meta":{"desktop":{"background-color":"var(--ast-global-color-5)","background-image":"","background-repeat":"repeat","background-position":"center center","background-size":"auto","background-attachment":"scroll","background-type":"","background-media":"","overlay-type":"","overlay-color":"","overlay-opacity":"","overlay-gradient":""},"tablet":{"background-color":"var(--ast-global-color-5)","background-image":"","background-repeat":"repeat","background-position":"center center","background-size":"auto","background-attachment":"scroll","background-type":"","background-media":"","overlay-type":"","overlay-color":"","overlay-opacity":"","overlay-gradient":""},"mobile":{"background-color":"var(--ast-global-color-5)","background-image":"","background-repeat":"repeat","background-position":"center center","background-size":"auto","background-attachment":"scroll","background-type":"","background-media":"","overlay-type":"","overlay-color":"","overlay-opacity":"","overlay-gradient":""}},"footnotes":""},"class_list":["post-2437","page","type-page","status-publish","hentry"],"_links":{"self":[{"href":"https:\/\/doptim.eu\/index.php\/wp-json\/wp\/v2\/pages\/2437","targetHints":{"allow":["GET"]}}],"collection":[{"href":"https:\/\/doptim.eu\/index.php\/wp-json\/wp\/v2\/pages"}],"about":[{"href":"https:\/\/doptim.eu\/index.php\/wp-json\/wp\/v2\/types\/page"}],"author":[{"embeddable":true,"href":"https:\/\/doptim.eu\/index.php\/wp-json\/wp\/v2\/users\/1"}],"replies":[{"embeddable":true,"href":"https:\/\/doptim.eu\/index.php\/wp-json\/wp\/v2\/comments?post=2437"}],"version-history":[{"count":3,"href":"https:\/\/doptim.eu\/index.php\/wp-json\/wp\/v2\/pages\/2437\/revisions"}],"predecessor-version":[{"id":3096,"href":"https:\/\/doptim.eu\/index.php\/wp-json\/wp\/v2\/pages\/2437\/revisions\/3096"}],"wp:attachment":[{"href":"https:\/\/doptim.eu\/index.php\/wp-json\/wp\/v2\/media?parent=2437"}],"curies":[{"name":"wp","href":"https:\/\/api.w.org\/{rel}","templated":true}]}}