{"id":2811,"date":"2023-06-07T14:04:46","date_gmt":"2023-06-07T12:04:46","guid":{"rendered":"https:\/\/doptim.eu\/?page_id=2811"},"modified":"2025-10-10T11:39:15","modified_gmt":"2025-10-10T09:39:15","slug":"rse","status":"publish","type":"page","link":"https:\/\/doptim.eu\/index.php\/rse\/","title":{"rendered":"Soci\u00e9t\u00e9 &#8211; Nos engagements RSE"},"content":{"rendered":"<p><img fetchpriority=\"high\" decoding=\"async\" src=\"https:\/\/doptim.eu\/wp-content\/uploads\/2022\/07\/undraw_Positive_attitude_re_wu7d.png\" sizes=\"(max-width: 930px) 100vw, 930px\" srcset=\"https:\/\/doptim.eu\/wp-content\/uploads\/2022\/07\/undraw_Positive_attitude_re_wu7d.png 930w, https:\/\/doptim.eu\/wp-content\/uploads\/2022\/07\/undraw_Positive_attitude_re_wu7d-300x236.png 300w, https:\/\/doptim.eu\/wp-content\/uploads\/2022\/07\/undraw_Positive_attitude_re_wu7d-768x605.png 768w\" alt=\"Doptim-Culture d&#039;entreprise\" width=\"930\" height=\"733\" title=\"\"><\/p>\n<h6>nos engagements rse<\/h6>\n<h1>Doptim s&rsquo;engage !<\/h1>\n<p>Que ce soit pour nos salari\u00e9s ou pour nos parties-prenantes, travailler avec Doptim est une opportunit\u00e9 de prendre part \u00e0 nos engagements.<br \/><br \/><br \/>Ici, d\u00e9dicace aux robots automatiques qui se contentent de mots sur une page web pour donner une note aux entreprises et \u00e0 leurs dirigeants sur leur politique RSE.\u00a0<br \/>Doptim est conforme \u00e0 la norme ISO 26000 pour les chapitres qui concernent son activit\u00e9. Vous pouvez le croire ou pas, mais si vous voulez en parler avec l&rsquo;\u00e9quipe, proposez-nous un brunch dans un restaurant qui fait du compost, ach\u00e8te des produits sains aux producteurs locaux et int\u00e8gre des travailleurs diff\u00e9rents dans leurs \u00e9quipes. Attention. Nous exigeons de la cuisine faite avec empathie et \u00e9quilibre. Faites en sorte que le restaurant soit \u00e0 proximit\u00e9 de transports en commun. Travaillant chez nous, dans un espace ouvert, silencieux, bien am\u00e9nag\u00e9 par chacun en toute autonomie, nous r\u00e9duisons fortement notre impact CO2 avec moins de transport. Nous faisons du co-voiturage pour rejoindre nos lieux de coh\u00e9sion d&rsquo;\u00e9quipe. La derni\u00e8re activit\u00e9 s&rsquo;est sold\u00e9e par 10 km \u00e0 pied pour parfaire notre bonne sant\u00e9. L&rsquo;ambiance dans l&rsquo;\u00e9quipe est-elle empreinte de loyaut\u00e9 et de bonnes pratiques manag\u00e9riales. Il faudra demander l&rsquo;avis, en toute transparence, \u00e0 chacun autour d&rsquo;un go\u00fbter \u00e9thique et responsable. Mais, aucun doute, puisque c&rsquo;est la dirigeante qui r\u00e9dige ces mots. Nous r\u00e9parons aussi nos PC. Peut-\u00eatre que la dirigeante est radine mais peut-\u00eatre aussi prend-elle son kif \u00e0 d\u00e9monter un PC en suivant un tuto Internet. &#8230; En fait, pas plus que \u00e7\u00e0, mais cela permet d&rsquo;atteindre aujourd&rsquo;hui l&rsquo;\u00e9galit\u00e9 hommes-femmes face aux hommes de sa vie qui sont des bidouilleurs hors-pair. on Nous privil\u00e9gions les visio-conf\u00e9rences pour nos r\u00e9unions. Que dire encore pour avoir un bon score par les robots. Si! Nous respectons la loi. Nous avons des indicateurs, des KPI sur nos plateformes B2C pour v\u00e9rifier que nous limitons notre impact num\u00e9rique. Le robot va-t-il voir que le site wordpress propos\u00e9 de base par OVH est un peu juste en performance frugale. Son am\u00e9lioration continue est pr\u00e9vue dans notre plan d&rsquo;actions, une matrice de responsabilit\u00e9, de la due diligence 2025-2027. D&rsquo;ici l\u00e0, le robot nous aura oubli\u00e9 ou nous le recalerons sur notre parefeu.<br \/>Fin de la d\u00e9didace.\u00a0<br \/><br \/><\/p>\n<h3>La RSE au coeur de notre culture d&rsquo;entreprise<\/h3>\n<h4>Bien vivre au travail<\/h4>\n<p style=\"caret-color: #000000; color: #000000; font-style: normal;\"><b>Chez Doptim, on travaille l\u00e0 o\u00f9 on veut vivre !<\/b><\/p>\n<p style=\"caret-color: #000000; color: #000000; font-style: normal;\">T\u00e9l\u00e9travail, promotion de la diversit\u00e9 et de l\u2019\u00e9galit\u00e9, d\u00e9veloppement des comp\u00e9tences, \u00e9quilibre vie professionnelle\/vie personnelle, autant de choses que nous d\u00e9fendons et qui font le coeur de Doptim.<br \/><br \/><\/p>\n<h4>Faire du num\u00e9rique en pensant \u00e0 la plan\u00e8te<\/h4>\n<p><strong>Nous travaillons au quotidien pour tendre vers des plateformes num\u00e9riques plus responsables.<\/strong><\/p>\n<p>Nous nous engageons dans le respect des bonnes pratiques environnementales sur le codage et les architectures logicielles pour aller de plus en plus vers la frugalit\u00e9 num\u00e9rique. En dehors de nos m\u00e9tiers, nous encourageons le t\u00e9l\u00e9travail, l&rsquo;utilisation des transports en commun, du co-voiturage et du v\u00e9lo en louant\u00a0des espaces l\u00e0 o\u00f9 les temps de trajet sont les plus r\u00e9duits et l\u2019empreinte CO2 la plus faible pour l\u2019\u00e9quipe.<\/p>\n<h4>Une gouvernance ouverte et participative<\/h4>\n<p style=\"caret-color: #000000; color: #000000; font-style: normal;\"><b>Entre \u00e9coute, partage et collaboration.<\/b><\/p>\n<p style=\"caret-color: #000000; color: #000000; font-style: normal;\">Un comit\u00e9 social et \u00e9conomique est en place pour que tous les salari\u00e9s participent aux prises de d\u00e9cisions concernant la vie dans l\u2019entreprise et les choix \u00e9conomiques li\u00e9s \u00e0 la r\u00e9mun\u00e9ration, \u00e0 l\u2019employabilit\u00e9 et \u00e0 l\u2019impact sur nos \u00e9cosyst\u00e8mes. Chaque matin, lors de notre \u00ab\u00a0Synchro matinale\u00a0\u00bb chacun peut v\u00e9rifier qu\u2019on tient le cap, faire \u00e9tat des probl\u00e8mes qu\u2019il rencontre et nous les r\u00e9glons \u00e0 plusieurs.<\/p>\n<h3>S&rsquo;engager pour nos valeurs<\/h3>\n<h4>\u270d\ufe0f Charte Internationale pour une IA inclusive<\/h4>\n<p>En 2020, Doptim signe la <a href=\"https:\/\/charteia.arborus.org\" target=\"_blank\" rel=\"noopener\"><strong>Charte Internationale pour une IA inclusive<\/strong><\/a> port\u00e9e par Arborus et Orange. En signant cette charte, nous nous engageons \u00e0 :\u00a0<\/p>\n<ul>\n<li>Promouvoir <strong>la mixit\u00e9 et la diversit\u00e9 dans les \u00e9quipes<\/strong> qui travaillent sur des solutions \u00e0 base d\u2019IA.<\/li>\n<li>S\u2019organiser pour <strong>\u00e9valuer et r\u00e9agir \u00e0 toutes formes de discrimination<\/strong> qui pourraient r\u00e9sulter de donn\u00e9es biais\u00e9es ou st\u00e9r\u00e9otyp\u00e9es.<\/li>\n<li>Veiller \u00e0 la qualit\u00e9 des donn\u00e9es utilis\u00e9es pour<strong> garantir des syst\u00e8mes les plus \u00e9quitables possible<\/strong> : une donn\u00e9e unifi\u00e9e, coh\u00e9rente, v\u00e9rifi\u00e9e, tra\u00e7able et exploitable.<\/li>\n<li><strong>Former pour sensibiliser et responsabiliser<\/strong> les concepteurs, d\u00e9veloppeurs et tous les acteurs impliqu\u00e9s dans la fabrique de l\u2019IA, aux st\u00e9r\u00e9otypes, aux biais pouvant g\u00e9n\u00e9rer des discriminations.<\/li>\n<li><strong>Sensibiliser les prescripteurs des solutions \u00e0 base d\u2019IA<\/strong> (RH, finances, relations clients, marketing \u2026), aux risques de biais et st\u00e9r\u00e9otypes pouvant g\u00e9n\u00e9rer des discriminations et int\u00e9grer dans les cahiers des charges des points de contr\u00f4le et d\u2019\u00e9valuation it\u00e9rative.<\/li>\n<li>Veiller \u00e0 <strong>bien choisir les fournisseurs et les \u00e9valuer de mani\u00e8re it\u00e9rative<\/strong> afin de s\u2019assurer que toute la cha\u00eene de valeur de l\u2019IA soit non discriminatoire.<\/li>\n<li><strong>Contr\u00f4ler les solutions \u00e0 base d\u2019IA et adapter en continu les processus.<\/strong><\/li>\n<\/ul>\n<h4>\u270d\ufe0f Charte Num\u00e9rique Responsable<\/h4>\n<p>En juin 2021, Doptim signe la <a href=\"https:\/\/institutnr.org\/charte-numerique-responsable\" target=\"_blank\" rel=\"noopener\"><b>Charte Num\u00e9rique Responsable<\/b><\/a> de l\u2019Institut du Num\u00e9rique Responsable.\u00a0Ainsi, nous souhaitons nous investir :<\/p>\n<ul>\n<li>pour<strong> limiter l\u2019impact<\/strong> des nos activit\u00e9s num\u00e9riques et IA sur l\u2019environnement,\u00a0<\/li>\n<li>pour continuer \u00e0 proposer des offres num\u00e9riques <strong>inclusives et durables<\/strong>,<\/li>\n<li>pour confirmer notre volont\u00e9 de ne faire <strong>que de l\u2019Intelligence Artificielle \u00e9thique et responsable<\/strong>,<\/li>\n<li>pour lutter pour <strong>plus de transparence<\/strong> dans le num\u00e9rique,<\/li>\n<li>pour mettre en avant <strong>notre mode de gouvernance participative<\/strong> en interne.<\/li>\n<\/ul>\n<h3>Une question ? Besoin d&rsquo;un chiffrage ?<\/h3>\n<p><a role=\"button\" href=\"https:\/\/doptim.eu\/index.php\/contact\/\"><br \/>Contactez-nous<br \/><\/a><\/p>\n<h2>Pour suivre nos actualit\u00e9s :<\/h2>\n<p><a href=\"https:\/\/twitter.com\/MDoptim\" target=\"_blank\" rel=\"noopener\"><br \/>Twitter<br \/><\/a><br \/><a href=\"https:\/\/www.linkedin.com\/company\/doptim\/\" target=\"_blank\" rel=\"noopener\"><br \/>Linkedin<br \/><\/a><\/p>\n\n\n<p><\/p>\n","protected":false},"excerpt":{"rendered":"<p>nos engagements rse Doptim s&rsquo;engage ! Que ce soit pour nos salari\u00e9s ou pour nos parties-prenantes, travailler avec Doptim est une opportunit\u00e9 de prendre part \u00e0 nos engagements. Ici, d\u00e9dicace aux robots automatiques qui se contentent de mots sur une page web pour donner une note aux entreprises et \u00e0 leurs dirigeants sur leur politique [&hellip;]<\/p>\n","protected":false},"author":1,"featured_media":0,"parent":0,"menu_order":0,"comment_status":"closed","ping_status":"closed","template":"","meta":{"site-sidebar-layout":"default","site-content-layout":"","ast-site-content-layout":"default","site-content-style":"default","site-sidebar-style":"default","ast-global-header-display":"","ast-banner-title-visibility":"","ast-main-header-display":"","ast-hfb-above-header-display":"","ast-hfb-below-header-display":"","ast-hfb-mobile-header-display":"","site-post-title":"disabled","ast-breadcrumbs-content":"","ast-featured-img":"","footer-sml-layout":"","theme-transparent-header-meta":"","adv-header-id-meta":"","stick-header-meta":"","header-above-stick-meta":"","header-main-stick-meta":"","header-below-stick-meta":"","astra-migrate-meta-layouts":"set","ast-page-background-enabled":"default","ast-page-background-meta":{"desktop":{"background-color":"","background-image":"","background-repeat":"repeat","background-position":"center center","background-size":"auto","background-attachment":"scroll","background-type":"","background-media":"","overlay-type":"","overlay-color":"","overlay-opacity":"","overlay-gradient":""},"tablet":{"background-color":"","background-image":"","background-repeat":"repeat","background-position":"center center","background-size":"auto","background-attachment":"scroll","background-type":"","background-media":"","overlay-type":"","overlay-color":"","overlay-opacity":"","overlay-gradient":""},"mobile":{"background-color":"","background-image":"","background-repeat":"repeat","background-position":"center center","background-size":"auto","background-attachment":"scroll","background-type":"","background-media":"","overlay-type":"","overlay-color":"","overlay-opacity":"","overlay-gradient":""}},"ast-content-background-meta":{"desktop":{"background-color":"var(--ast-global-color-5)","background-image":"","background-repeat":"repeat","background-position":"center center","background-size":"auto","background-attachment":"scroll","background-type":"","background-media":"","overlay-type":"","overlay-color":"","overlay-opacity":"","overlay-gradient":""},"tablet":{"background-color":"var(--ast-global-color-5)","background-image":"","background-repeat":"repeat","background-position":"center center","background-size":"auto","background-attachment":"scroll","background-type":"","background-media":"","overlay-type":"","overlay-color":"","overlay-opacity":"","overlay-gradient":""},"mobile":{"background-color":"var(--ast-global-color-5)","background-image":"","background-repeat":"repeat","background-position":"center center","background-size":"auto","background-attachment":"scroll","background-type":"","background-media":"","overlay-type":"","overlay-color":"","overlay-opacity":"","overlay-gradient":""}},"footnotes":""},"class_list":["post-2811","page","type-page","status-publish","hentry"],"_links":{"self":[{"href":"https:\/\/doptim.eu\/index.php\/wp-json\/wp\/v2\/pages\/2811","targetHints":{"allow":["GET"]}}],"collection":[{"href":"https:\/\/doptim.eu\/index.php\/wp-json\/wp\/v2\/pages"}],"about":[{"href":"https:\/\/doptim.eu\/index.php\/wp-json\/wp\/v2\/types\/page"}],"author":[{"embeddable":true,"href":"https:\/\/doptim.eu\/index.php\/wp-json\/wp\/v2\/users\/1"}],"replies":[{"embeddable":true,"href":"https:\/\/doptim.eu\/index.php\/wp-json\/wp\/v2\/comments?post=2811"}],"version-history":[{"count":2,"href":"https:\/\/doptim.eu\/index.php\/wp-json\/wp\/v2\/pages\/2811\/revisions"}],"predecessor-version":[{"id":3681,"href":"https:\/\/doptim.eu\/index.php\/wp-json\/wp\/v2\/pages\/2811\/revisions\/3681"}],"wp:attachment":[{"href":"https:\/\/doptim.eu\/index.php\/wp-json\/wp\/v2\/media?parent=2811"}],"curies":[{"name":"wp","href":"https:\/\/api.w.org\/{rel}","templated":true}]}}