{"id":3231,"date":"2024-11-26T16:15:16","date_gmt":"2024-11-26T15:15:16","guid":{"rendered":"https:\/\/doptim.eu\/?page_id=3231"},"modified":"2026-04-02T18:33:17","modified_gmt":"2026-04-02T16:33:17","slug":"formation-ia-generatives-prompts","status":"publish","type":"page","link":"https:\/\/doptim.eu\/index.php\/formation-ia-generatives-prompts\/","title":{"rendered":"Formation &#8211; Prompts"},"content":{"rendered":"\t\t<div data-elementor-type=\"wp-page\" data-elementor-id=\"3231\" class=\"elementor elementor-3231\">\n\t\t\t\t\t\t<section class=\"elementor-section elementor-top-section elementor-element elementor-element-334e7346 elementor-section-content-middle elementor-reverse-mobile elementor-section-boxed elementor-section-height-default elementor-section-height-default\" data-id=\"334e7346\" data-element_type=\"section\" data-e-type=\"section\" data-settings=\"{&quot;background_background&quot;:&quot;gradient&quot;}\">\n\t\t\t\t\t\t\t<div class=\"elementor-background-overlay\"><\/div>\n\t\t\t\t\t\t\t<div class=\"elementor-container elementor-column-gap-no\">\n\t\t\t\t\t<div class=\"elementor-column elementor-col-50 elementor-top-column elementor-element elementor-element-5a5589d9\" data-id=\"5a5589d9\" data-element_type=\"column\" data-e-type=\"column\">\n\t\t\t<div class=\"elementor-widget-wrap elementor-element-populated\">\n\t\t\t\t\t\t<div class=\"elementor-element elementor-element-68df6335 elementor-widget elementor-widget-image\" data-id=\"68df6335\" data-element_type=\"widget\" data-e-type=\"widget\" data-widget_type=\"image.default\">\n\t\t\t\t<div class=\"elementor-widget-container\">\n\t\t\t\t\t\t\t\t\t\t\t\t\t\t\t<img fetchpriority=\"high\" decoding=\"async\" width=\"1109\" height=\"635\" src=\"https:\/\/doptim.eu\/wp-content\/uploads\/2024\/11\/undraw_Chat_bot_re_e2gj.png\" class=\"attachment-full size-full wp-image-3232\" alt=\"Doptim - Formation - IA g\u00e9n\u00e9rative\" srcset=\"https:\/\/doptim.eu\/wp-content\/uploads\/2024\/11\/undraw_Chat_bot_re_e2gj.png 1109w, https:\/\/doptim.eu\/wp-content\/uploads\/2024\/11\/undraw_Chat_bot_re_e2gj-300x172.png 300w, https:\/\/doptim.eu\/wp-content\/uploads\/2024\/11\/undraw_Chat_bot_re_e2gj-1024x586.png 1024w, https:\/\/doptim.eu\/wp-content\/uploads\/2024\/11\/undraw_Chat_bot_re_e2gj-768x440.png 768w\" sizes=\"(max-width: 1109px) 100vw, 1109px\" title=\"\">\t\t\t\t\t\t\t\t\t\t\t\t\t\t\t<\/div>\n\t\t\t\t<\/div>\n\t\t\t\t\t<\/div>\n\t\t<\/div>\n\t\t\t\t<div class=\"elementor-column elementor-col-50 elementor-top-column elementor-element elementor-element-42dd92ff\" data-id=\"42dd92ff\" data-element_type=\"column\" data-e-type=\"column\">\n\t\t\t<div class=\"elementor-widget-wrap elementor-element-populated\">\n\t\t\t\t\t\t<div class=\"elementor-element elementor-element-25cdba3d elementor-widget elementor-widget-heading\" data-id=\"25cdba3d\" data-element_type=\"widget\" data-e-type=\"widget\" data-widget_type=\"heading.default\">\n\t\t\t\t<div class=\"elementor-widget-container\">\n\t\t\t\t\t<h6 class=\"elementor-heading-title elementor-size-default\">NOS FORMATIONS<\/h6>\t\t\t\t<\/div>\n\t\t\t\t<\/div>\n\t\t\t\t<div class=\"elementor-element elementor-element-6f7419d2 elementor-widget elementor-widget-heading\" data-id=\"6f7419d2\" data-element_type=\"widget\" data-e-type=\"widget\" data-widget_type=\"heading.default\">\n\t\t\t\t<div class=\"elementor-widget-container\">\n\t\t\t\t\t<h1 class=\"elementor-heading-title elementor-size-xl\"><i>Nouveau !<\/i><div>Formation \u00e0 l'utilisation des IAGen en entreprise<\/div><\/h1>\t\t\t\t<\/div>\n\t\t\t\t<\/div>\n\t\t\t\t\t<\/div>\n\t\t<\/div>\n\t\t\t\t\t<\/div>\n\t\t<\/section>\n\t\t\t\t<section class=\"elementor-section elementor-top-section elementor-element elementor-element-161905b9 elementor-section-boxed elementor-section-height-default elementor-section-height-default\" data-id=\"161905b9\" data-element_type=\"section\" data-e-type=\"section\" data-settings=\"{&quot;background_background&quot;:&quot;classic&quot;}\">\n\t\t\t\t\t\t<div class=\"elementor-container elementor-column-gap-no\">\n\t\t\t\t\t<div class=\"elementor-column elementor-col-100 elementor-top-column elementor-element elementor-element-22297266\" data-id=\"22297266\" data-element_type=\"column\" data-e-type=\"column\">\n\t\t\t<div class=\"elementor-widget-wrap elementor-element-populated\">\n\t\t\t\t\t\t<section class=\"elementor-section elementor-inner-section elementor-element elementor-element-11d1b2aa elementor-section-content-middle elementor-reverse-tablet elementor-reverse-mobile elementor-section-boxed elementor-section-height-default elementor-section-height-default\" data-id=\"11d1b2aa\" data-element_type=\"section\" data-e-type=\"section\">\n\t\t\t\t\t\t<div class=\"elementor-container elementor-column-gap-no\">\n\t\t\t\t\t<div class=\"elementor-column elementor-col-100 elementor-inner-column elementor-element elementor-element-21bc2d54\" data-id=\"21bc2d54\" data-element_type=\"column\" data-e-type=\"column\">\n\t\t\t<div class=\"elementor-widget-wrap elementor-element-populated\">\n\t\t\t\t\t\t<div class=\"elementor-element elementor-element-386accab elementor-widget elementor-widget-text-editor\" data-id=\"386accab\" data-element_type=\"widget\" data-e-type=\"widget\" data-widget_type=\"text-editor.default\">\n\t\t\t\t<div class=\"elementor-widget-container\">\n\t\t\t\t\t\t\t\t\t<p><b>Support : <\/b>web-atelier ou pr\u00e9sentiel<\/p><p><strong>Dur\u00e9e :<\/strong>\u00a01 journ\u00e9e en atelier collectif<\/p><p><strong>Co\u00fbt :<\/strong><span style=\"font-weight: normal;\"><a href=\"https:\/\/doptim.eu\/index.php\/contact\/\">\u00a0\u00e0 partir de 1300 Euros HT la journ\u00e9e\u00a0<\/a><\/span><\/p>\t\t\t\t\t\t\t\t<\/div>\n\t\t\t\t<\/div>\n\t\t\t\t\t<\/div>\n\t\t<\/div>\n\t\t\t\t\t<\/div>\n\t\t<\/section>\n\t\t\t\t<section class=\"elementor-section elementor-inner-section elementor-element elementor-element-4465e61d elementor-section-boxed elementor-section-height-default elementor-section-height-default\" data-id=\"4465e61d\" data-element_type=\"section\" data-e-type=\"section\" data-settings=\"{&quot;background_background&quot;:&quot;classic&quot;}\">\n\t\t\t\t\t\t<div class=\"elementor-container elementor-column-gap-no\">\n\t\t\t\t\t<div class=\"elementor-column elementor-col-33 elementor-inner-column elementor-element elementor-element-150e72e0\" data-id=\"150e72e0\" data-element_type=\"column\" data-e-type=\"column\">\n\t\t\t<div class=\"elementor-widget-wrap elementor-element-populated\">\n\t\t\t\t\t\t<div class=\"elementor-element elementor-element-1fc90130 elementor-view-stacked elementor-shape-circle elementor-widget elementor-widget-icon\" data-id=\"1fc90130\" data-element_type=\"widget\" data-e-type=\"widget\" data-widget_type=\"icon.default\">\n\t\t\t\t<div class=\"elementor-widget-container\">\n\t\t\t\t\t\t\t<div class=\"elementor-icon-wrapper\">\n\t\t\t<div class=\"elementor-icon\">\n\t\t\t<svg aria-hidden=\"true\" class=\"e-font-icon-svg e-fas-user-graduate\" viewBox=\"0 0 448 512\" xmlns=\"http:\/\/www.w3.org\/2000\/svg\"><path d=\"M319.4 320.6L224 416l-95.4-95.4C57.1 323.7 0 382.2 0 454.4v9.6c0 26.5 21.5 48 48 48h352c26.5 0 48-21.5 48-48v-9.6c0-72.2-57.1-130.7-128.6-133.8zM13.6 79.8l6.4 1.5v58.4c-7 4.2-12 11.5-12 20.3 0 8.4 4.6 15.4 11.1 19.7L3.5 242c-1.7 6.9 2.1 14 7.6 14h41.8c5.5 0 9.3-7.1 7.6-14l-15.6-62.3C51.4 175.4 56 168.4 56 160c0-8.8-5-16.1-12-20.3V87.1l66 15.9c-8.6 17.2-14 36.4-14 57 0 70.7 57.3 128 128 128s128-57.3 128-128c0-20.6-5.3-39.8-14-57l96.3-23.2c18.2-4.4 18.2-27.1 0-31.5l-190.4-46c-13-3.1-26.7-3.1-39.7 0L13.6 48.2c-18.1 4.4-18.1 27.2 0 31.6z\"><\/path><\/svg>\t\t\t<\/div>\n\t\t<\/div>\n\t\t\t\t\t\t<\/div>\n\t\t\t\t<\/div>\n\t\t\t\t\t<\/div>\n\t\t<\/div>\n\t\t\t\t<div class=\"elementor-column elementor-col-66 elementor-inner-column elementor-element elementor-element-2160a047\" data-id=\"2160a047\" data-element_type=\"column\" data-e-type=\"column\">\n\t\t\t<div class=\"elementor-widget-wrap elementor-element-populated\">\n\t\t\t\t\t\t<div class=\"elementor-element elementor-element-7600c9b1 elementor-widget elementor-widget-heading\" data-id=\"7600c9b1\" data-element_type=\"widget\" data-e-type=\"widget\" data-widget_type=\"heading.default\">\n\t\t\t\t<div class=\"elementor-widget-container\">\n\t\t\t\t\t<h3 class=\"elementor-heading-title elementor-size-default\">Objectifs d'apprentissage<\/h3>\t\t\t\t<\/div>\n\t\t\t\t<\/div>\n\t\t\t\t<div class=\"elementor-element elementor-element-7271ca88 elementor-widget elementor-widget-text-editor\" data-id=\"7271ca88\" data-element_type=\"widget\" data-e-type=\"widget\" data-widget_type=\"text-editor.default\">\n\t\t\t\t<div class=\"elementor-widget-container\">\n\t\t\t\t\t\t\t\t\t<ul><li>Bien choisir les outils d&rsquo;IA g\u00e9n\u00e9rative (fournisseurs, ROI)<\/li><li>Cona\u00eetre les limites de ces outils et la r\u00e9glementation associ\u00e9e.<\/li><li>Savoir d\u00e9finir des indicateurs de performance \u00e0 l&rsquo;usage.<\/li><li>Faire des prompts efficaces pour des conversations avec l&rsquo;IA<\/li><li>Cr\u00e9er des agents IA, avec et sans connecteurs bureautiques<\/li><li>Orchestrer des agents IA via des automates<\/li><\/ul>\t\t\t\t\t\t\t\t<\/div>\n\t\t\t\t<\/div>\n\t\t\t\t<div class=\"elementor-element elementor-element-635e3646 elementor-widget elementor-widget-spacer\" data-id=\"635e3646\" data-element_type=\"widget\" data-e-type=\"widget\" data-widget_type=\"spacer.default\">\n\t\t\t\t<div class=\"elementor-widget-container\">\n\t\t\t\t\t\t\t<div class=\"elementor-spacer\">\n\t\t\t<div class=\"elementor-spacer-inner\"><\/div>\n\t\t<\/div>\n\t\t\t\t\t\t<\/div>\n\t\t\t\t<\/div>\n\t\t\t\t<div class=\"elementor-element elementor-element-5e4996d3 elementor-widget elementor-widget-heading\" data-id=\"5e4996d3\" data-element_type=\"widget\" data-e-type=\"widget\" data-widget_type=\"heading.default\">\n\t\t\t\t<div class=\"elementor-widget-container\">\n\t\t\t\t\t<h3 class=\"elementor-heading-title elementor-size-default\">Au programme<\/h3>\t\t\t\t<\/div>\n\t\t\t\t<\/div>\n\t\t\t\t<div class=\"elementor-element elementor-element-6cbfa193 elementor-widget elementor-widget-text-editor\" data-id=\"6cbfa193\" data-element_type=\"widget\" data-e-type=\"widget\" data-widget_type=\"text-editor.default\">\n\t\t\t\t<div class=\"elementor-widget-container\">\n\t\t\t\t\t\t\t\t\t<h4>Comprendre &amp; prendre en main les IA g\u00e9n\u00e9ratives pour la bureautique<\/h4><ul><li><p class=\"western\"><span style=\"color: #000000;\"><span style=\"font-family: Liberation Sans, sans-serif;\">Introduction \u00e0 l\u2019IA g\u00e9n\u00e9rative (fonctionnement, limites, r\u00e9glementation)<\/span><\/span><\/p><\/li><li><p class=\"western\"><span style=\"color: #000000;\"><span style=\"font-family: Liberation Sans, sans-serif;\">Prise en main des IA (interfaces, configuration, sauvegarde et partage)<\/span><\/span><\/p><\/li><li><p class=\"western\"><span style=\"color: #000000;\"><span style=\"font-family: Liberation Sans, sans-serif;\">Techniques de prompting efficace.<\/span><\/span><\/p><\/li><li><p class=\"western\"><span style=\"color: #000000;\"><span style=\"font-family: Liberation Sans, sans-serif;\">Exercices guid\u00e9s : R\u00e9daction d\u2019emails professionnels; Synth\u00e8se de documents; Assistance sur une construction de projet; Reformulation et traduction de textes; Extraction de donn\u00e9es de fichiers .pdf, .excel; Enregistrement et transcription de r\u00e9unions; Veille sur le web<br \/><\/span><\/span><\/p><\/li><\/ul><h4>Les agents, les connecteurs et les orchestrateurs<\/h4><ul><li><p class=\"western\"><span style=\"color: #000000;\"><span style=\"font-family: Liberation Sans, sans-serif;\">Pr\u00e9sentation des outils, des flux de donn\u00e9es et des bonnes pratiques vis-\u00e0-vis des fournisseurs d\u2019IA.<\/span><\/span><\/p><\/li><li><p class=\"western\"><span style=\"color: #000000;\"><span style=\"font-family: Liberation Sans, sans-serif;\">Prise en main de ces outils (interfaces, configuration, partage et sauvegarde)<\/span><\/span><\/p><\/li><li><p class=\"western\"><span style=\"color: #000000;\"><span style=\"font-family: Liberation Sans, sans-serif;\">Exercices guid\u00e9s :<\/span><\/span><\/p><\/li><li><p class=\"western\"><span style=\"color: #000000;\"><span style=\"font-family: Liberation Sans, sans-serif;\">Trouver une date de r\u00e9union chez un client et envoyer une invitation<\/span><\/span><\/p><\/li><li><p class=\"western\"><span style=\"color: #000000;\"><span style=\"font-family: Liberation Sans, sans-serif;\">Tableaux &amp; analyse simple de donn\u00e9es de devis<\/span><\/span><\/p><\/li><\/ul><p class=\"western\"><span style=\"color: #000000;\"><span style=\"font-family: Liberation Sans, sans-serif;\">\u00a0<\/span><\/span><\/p>\t\t\t\t\t\t\t\t<\/div>\n\t\t\t\t<\/div>\n\t\t\t\t\t<\/div>\n\t\t<\/div>\n\t\t\t\t\t<\/div>\n\t\t<\/section>\n\t\t\t\t<div class=\"elementor-element elementor-element-128cd240 elementor-widget elementor-widget-heading\" data-id=\"128cd240\" data-element_type=\"widget\" data-e-type=\"widget\" data-widget_type=\"heading.default\">\n\t\t\t\t<div class=\"elementor-widget-container\">\n\t\t\t\t\t<h2 class=\"elementor-heading-title elementor-size-medium\">Cette formation vous int\u00e9resse ?<\/h2>\t\t\t\t<\/div>\n\t\t\t\t<\/div>\n\t\t\t\t<div class=\"elementor-element elementor-element-57136a5b elementor-mobile-align-center elementor-widget elementor-widget-button\" data-id=\"57136a5b\" data-element_type=\"widget\" data-e-type=\"widget\" data-widget_type=\"button.default\">\n\t\t\t\t<div class=\"elementor-widget-container\">\n\t\t\t\t\t\t\t\t\t<div class=\"elementor-button-wrapper\">\n\t\t\t\t\t<a class=\"elementor-button elementor-button-link elementor-size-sm\" href=\"https:\/\/doptim.eu\/index.php\/contact\/\">\n\t\t\t\t\t\t<span class=\"elementor-button-content-wrapper\">\n\t\t\t\t\t\t\t\t\t<span class=\"elementor-button-text\">Contactez-nous<\/span>\n\t\t\t\t\t<\/span>\n\t\t\t\t\t<\/a>\n\t\t\t\t<\/div>\n\t\t\t\t\t\t\t\t<\/div>\n\t\t\t\t<\/div>\n\t\t\t\t<div class=\"elementor-element elementor-element-77eb0b30 elementor-mobile-align-center elementor-widget elementor-widget-button\" data-id=\"77eb0b30\" data-element_type=\"widget\" data-e-type=\"widget\" data-widget_type=\"button.default\">\n\t\t\t\t<div class=\"elementor-widget-container\">\n\t\t\t\t\t\t\t\t\t<div class=\"elementor-button-wrapper\">\n\t\t\t\t\t<a class=\"elementor-button elementor-button-link elementor-size-sm\" href=\"https:\/\/doptim.eu\/index.php\/formations-data-science\/\">\n\t\t\t\t\t\t<span class=\"elementor-button-content-wrapper\">\n\t\t\t\t\t\t\t\t\t<span class=\"elementor-button-text\">D\u00e9couvrez toutes nos formations<\/span>\n\t\t\t\t\t<\/span>\n\t\t\t\t\t<\/a>\n\t\t\t\t<\/div>\n\t\t\t\t\t\t\t\t<\/div>\n\t\t\t\t<\/div>\n\t\t\t\t\t<\/div>\n\t\t<\/div>\n\t\t\t\t\t<\/div>\n\t\t<\/section>\n\t\t\t\t<\/div>\n\t\t","protected":false},"excerpt":{"rendered":"<p>NOS FORMATIONS Nouveau !Formation \u00e0 l&rsquo;utilisation des IAGen en entreprise Support : web-atelier ou pr\u00e9sentiel Dur\u00e9e :\u00a01 journ\u00e9e en atelier collectif Co\u00fbt :\u00a0\u00e0 partir de 1300 Euros HT la journ\u00e9e\u00a0 Objectifs d&rsquo;apprentissage Bien choisir les outils d&rsquo;IA g\u00e9n\u00e9rative (fournisseurs, ROI) Cona\u00eetre les limites de ces outils et la r\u00e9glementation associ\u00e9e. Savoir d\u00e9finir des indicateurs de [&hellip;]<\/p>\n","protected":false},"author":1,"featured_media":0,"parent":0,"menu_order":0,"comment_status":"closed","ping_status":"closed","template":"","meta":{"site-sidebar-layout":"default","site-content-layout":"","ast-site-content-layout":"default","site-content-style":"default","site-sidebar-style":"default","ast-global-header-display":"","ast-banner-title-visibility":"","ast-main-header-display":"","ast-hfb-above-header-display":"","ast-hfb-below-header-display":"","ast-hfb-mobile-header-display":"","site-post-title":"disabled","ast-breadcrumbs-content":"","ast-featured-img":"","footer-sml-layout":"","theme-transparent-header-meta":"","adv-header-id-meta":"","stick-header-meta":"","header-above-stick-meta":"","header-main-stick-meta":"","header-below-stick-meta":"","astra-migrate-meta-layouts":"set","ast-page-background-enabled":"default","ast-page-background-meta":{"desktop":{"background-color":"","background-image":"","background-repeat":"repeat","background-position":"center center","background-size":"auto","background-attachment":"scroll","background-type":"","background-media":"","overlay-type":"","overlay-color":"","overlay-opacity":"","overlay-gradient":""},"tablet":{"background-color":"","background-image":"","background-repeat":"repeat","background-position":"center center","background-size":"auto","background-attachment":"scroll","background-type":"","background-media":"","overlay-type":"","overlay-color":"","overlay-opacity":"","overlay-gradient":""},"mobile":{"background-color":"","background-image":"","background-repeat":"repeat","background-position":"center center","background-size":"auto","background-attachment":"scroll","background-type":"","background-media":"","overlay-type":"","overlay-color":"","overlay-opacity":"","overlay-gradient":""}},"ast-content-background-meta":{"desktop":{"background-color":"var(--ast-global-color-5)","background-image":"","background-repeat":"repeat","background-position":"center center","background-size":"auto","background-attachment":"scroll","background-type":"","background-media":"","overlay-type":"","overlay-color":"","overlay-opacity":"","overlay-gradient":""},"tablet":{"background-color":"var(--ast-global-color-5)","background-image":"","background-repeat":"repeat","background-position":"center center","background-size":"auto","background-attachment":"scroll","background-type":"","background-media":"","overlay-type":"","overlay-color":"","overlay-opacity":"","overlay-gradient":""},"mobile":{"background-color":"var(--ast-global-color-5)","background-image":"","background-repeat":"repeat","background-position":"center center","background-size":"auto","background-attachment":"scroll","background-type":"","background-media":"","overlay-type":"","overlay-color":"","overlay-opacity":"","overlay-gradient":""}},"footnotes":""},"class_list":["post-3231","page","type-page","status-publish","hentry"],"_links":{"self":[{"href":"https:\/\/doptim.eu\/index.php\/wp-json\/wp\/v2\/pages\/3231","targetHints":{"allow":["GET"]}}],"collection":[{"href":"https:\/\/doptim.eu\/index.php\/wp-json\/wp\/v2\/pages"}],"about":[{"href":"https:\/\/doptim.eu\/index.php\/wp-json\/wp\/v2\/types\/page"}],"author":[{"embeddable":true,"href":"https:\/\/doptim.eu\/index.php\/wp-json\/wp\/v2\/users\/1"}],"replies":[{"embeddable":true,"href":"https:\/\/doptim.eu\/index.php\/wp-json\/wp\/v2\/comments?post=3231"}],"version-history":[{"count":11,"href":"https:\/\/doptim.eu\/index.php\/wp-json\/wp\/v2\/pages\/3231\/revisions"}],"predecessor-version":[{"id":3697,"href":"https:\/\/doptim.eu\/index.php\/wp-json\/wp\/v2\/pages\/3231\/revisions\/3697"}],"wp:attachment":[{"href":"https:\/\/doptim.eu\/index.php\/wp-json\/wp\/v2\/media?parent=3231"}],"curies":[{"name":"wp","href":"https:\/\/api.w.org\/{rel}","templated":true}]}}