{"id":459,"date":"2019-10-22T23:35:10","date_gmt":"2019-10-22T21:35:10","guid":{"rendered":"http:\/\/doptim.eu\/?page_id=459"},"modified":"2026-04-02T20:37:37","modified_gmt":"2026-04-02T18:37:37","slug":"formations-ia-data-science","status":"publish","type":"page","link":"https:\/\/doptim.eu\/index.php\/formations-ia-data-science\/","title":{"rendered":"Formations"},"content":{"rendered":"\t\t<div data-elementor-type=\"wp-page\" data-elementor-id=\"459\" class=\"elementor elementor-459\">\n\t\t\t\t\t\t<section class=\"elementor-section elementor-top-section elementor-element elementor-element-213b2e6a elementor-section-boxed elementor-section-height-default elementor-section-height-default\" data-id=\"213b2e6a\" data-element_type=\"section\" data-e-type=\"section\">\n\t\t\t\t\t\t<div class=\"elementor-container elementor-column-gap-default\">\n\t\t\t\t\t<div class=\"elementor-column elementor-col-100 elementor-top-column elementor-element elementor-element-4f049605\" data-id=\"4f049605\" data-element_type=\"column\" data-e-type=\"column\" data-settings=\"{&quot;background_background&quot;:&quot;classic&quot;}\">\n\t\t\t<div class=\"elementor-widget-wrap elementor-element-populated\">\n\t\t\t\t\t\t<div class=\"elementor-element elementor-element-54a43fb6 elementor-widget elementor-widget-text-editor\" data-id=\"54a43fb6\" data-element_type=\"widget\" data-e-type=\"widget\" data-widget_type=\"text-editor.default\">\n\t\t\t\t<div class=\"elementor-widget-container\">\n\t\t\t\t\t\t\t\t\t<h6><span style=\"color: #99cc00;\">NOS FORMATIONS<\/span><\/h6><h3>Formations en Data Science<\/h3><p>Le Big Data, l\u2019Intelligence Artificielle, le Machine Learning, le Deep Learning et la Data Visualisation sont des sujets importants \u00e0 maitriser aujourd\u2019hui par l\u2019ensemble des acteurs de l\u2019\u00e9conomie fran\u00e7aise : entreprises, institutions et associations.<\/p><p>Doptim vous aide \u00e0 gagner en comp\u00e9tences sur ces sujets gr\u00e2ce \u00e0 des formations, dans vos locaux ou \u00e0 distance, alliant th\u00e9orie et pratique.<\/p><p>Nos formations en Data Science sont r\u00e9alis\u00e9es en partenariat avec\u00a0<a href=\"https:\/\/www.captronic.fr\/-Les-formations-2022-\" target=\"_blank\" rel=\"noopener\">Captronic<\/a>.<br \/>Elle peuvent \u00eatre adapt\u00e9es \u00e0 la demande.<br \/><br \/><\/p><h3 style=\"text-align: center;\"><span style=\"color: #008000;\"><strong>T<\/strong><a style=\"color: #008000;\" href=\"https:\/\/doptim.eu\/wp-content\/uploads\/2026\/04\/D-Catalogue-formations-2026.pdf\" target=\"_blank\" rel=\"noopener\"><strong>\u00e9l\u00e9chargez notre catalogue 2026<\/strong><\/a><\/span><\/h3><p>\u00a0<\/p><h4>01. L&rsquo;\u00e9cosyst\u00e8me de l&rsquo;IA, comprendre pour d\u00e9cider<\/h4><ul><li>Formation de 2h<\/li><li>En pr\u00e9sentiel ou en web-atelier<\/li><\/ul><p>L\u2019intelligence artificielle transforme le monde, mais comment l\u2019appr\u00e9hender pour en tirer le meilleur parti ? Cette formation vous offre une vision claire et accessible de l\u2019IA, de ses fondamentaux \u00e0 ses usages concrets en entreprise.<\/p><p><a href=\"https:\/\/doptim.eu\/index.php\/formation-ecosysteme-ia\/\">En savoir plus<br \/><\/a><\/p><h4>02. Les cl\u00e9s pour int\u00e9grer l&rsquo;IA dans son entreprise<\/h4><ul><li>Formation sur 1 demi-journ\u00e9e<\/li><li>En pr\u00e9sentiel ou en web-atelier<\/li><\/ul><p>Vous souhaitez tirer parti de l\u2019intelligence artificielle, mais par o\u00f9 commencer ? Cette formation vous donne une vision pragmatique et adapt\u00e9e \u00e0 votre secteur pour int\u00e9grer l\u2019IA efficacement dans votre organisation.<\/p><p><a href=\"https:\/\/doptim.eu\/index.php\/contact\">Nous contacter<br \/><\/a><\/p><h4>\u00a0<\/h4><h4>03. Enjeux du Big Data et de l&rsquo;intelligence artificielle<\/h4><ul><li>Formation sur 1 journ\u00e9e<\/li><li>En pr\u00e9sentiel ou en web-atelier<\/li><\/ul><p>Le Big Data et l\u2019intelligence artificielle red\u00e9finissent l\u2019\u00e9conomie et la soci\u00e9t\u00e9. Cette formation vous apporte les cl\u00e9s pour en comprendre les impacts strat\u00e9giques et les d\u00e9fis \u00e0 relever. Elle est mise \u00e0 jour r\u00e9guli\u00e8rement.<\/p><p><a href=\"https:\/\/doptim.eu\/index.php\/formation-introduction-big-data-ia\/\">En savoir plus<br \/><\/a><\/p><h4>\u00a0<\/h4><h4>04. Initiation \u00e0 Python pour la Data Science<\/h4><ul><li style=\"font-size: 17px;\">Formation sur 4 demi-journ\u00e9es &#8211; 14h<\/li><li style=\"font-size: 17px;\">En web-atelier<\/li><li style=\"font-size: 17px;\"><p style=\"font-size: 17px;\">Formation en partenariat avec\u00a0<a style=\"transition-delay: 0s;\" href=\"https:\/\/www.captronic.fr\" target=\"_blank\" rel=\"noreferrer noopener\">Captronic\u00a0<\/a>\u2013 certifi\u00e9 Qualiopi<\/p><\/li><\/ul><p>Vous souhaitez exploiter la puissance de Python pour la Data Science ? Cette formation vous plonge dans l\u2019univers du traitement des donn\u00e9es et du Machine Learning \u00e0 travers une approche pratique et accessible.<\/p><p><a href=\"https:\/\/doptim.eu\/index.php\/formation-python-data-science\/\">En savoir plus<\/a><\/p><h4>\u00a0<\/h4><h4>05. Initiation au Machine Learning<\/h4><ul><li style=\"font-size: 17px;\">Formation de 4 demi-journ\u00e9es &#8211; 14h<\/li><li style=\"font-size: 17px;\">En web-atelier<\/li><li style=\"font-size: 17px;\"><p style=\"font-size: 17px;\">Formation en partenariat avec\u00a0<a style=\"transition-delay: 0s;\" href=\"https:\/\/www.captronic.fr\" target=\"_blank\" rel=\"noreferrer noopener\">Captronic\u00a0<\/a>\u2013 certifi\u00e9 Qualiopi<\/p><\/li><\/ul><p>Vous souhaitez comprendre et appliquer le Machine Learning \u00e0 vos probl\u00e9matiques m\u00e9tiers ? Cette formation vous apporte les bases essentielles pour exploiter l\u2019IA de mani\u00e8re \u00e9clair\u00e9e et efficace.<\/p><p><a href=\"https:\/\/doptim.eu\/index.php\/formation-machine-learning\/\">En savoir plus<\/a><\/p><h4>\u00a0<\/h4><h4>06. Initiation au Deep Learning<\/h4><ul><li>Formation de 4 demi-journ\u00e9es &#8211; 14h<\/li><li>En web-atelier<\/li><li>Formation en partenariat avec <a href=\"https:\/\/www.captronic.fr\" target=\"_blank\" rel=\"noreferrer noopener\">Captronic <\/a>\u2013 certifi\u00e9 Qualiopi<\/li><\/ul><p>Dans ce format court de 4 demi-matin\u00e9es, il s\u2019agira de donner les\u00a0principes\u00a0et de\u00a0s\u2019exercer avec des travaux pratiques\u00a0qui dans une pratique ult\u00e9rieure seront valables pour cr\u00e9er ses premiers algorithmes complexes et gagner en performance gr\u00e2ce au Deep Learning.<\/p><p><a href=\"https:\/\/doptim.eu\/index.php\/formation-deep-learning\/\">En savoir plus<\/a><\/p><h4>\u00a0<\/h4><h4>07. IA g\u00e9n\u00e9ratives au bureau<\/h4><ul><li>Formation sur 1 journ\u00e9e<\/li><li>En atelier collectif, pr\u00e9sentiel<\/li><\/ul><p>Exploitez pleinement le potentiel de l\u2019IA g\u00e9n\u00e9rative en ma\u00eetrisant les outils d&rsquo;IA g\u00e9n\u00e9ratives avec les outils bureautiques\u00a0 ! Cette formation vous apprend \u00e0 choisir les bons outils et \u00e0 utiliser l&rsquo;IA g\u00e9n\u00e9rative pour gagner en efficacit\u00e9.<\/p><p><a href=\"https:\/\/doptim.eu\/index.php\/formation-ia-generatives-prompts\/\">En savoir plus<\/a><label for=\"wpforms-3518-field_7_1\"><\/label><\/p><p>\u00a0<\/p>\t\t\t\t\t\t\t\t<\/div>\n\t\t\t\t<\/div>\n\t\t\t\t\t<\/div>\n\t\t<\/div>\n\t\t\t\t\t<\/div>\n\t\t<\/section>\n\t\t\t\t<\/div>\n\t\t","protected":false},"excerpt":{"rendered":"<p>NOS FORMATIONS Formations en Data Science Le Big Data, l\u2019Intelligence Artificielle, le Machine Learning, le Deep Learning et la Data Visualisation sont des sujets importants \u00e0 maitriser aujourd\u2019hui par l\u2019ensemble des acteurs de l\u2019\u00e9conomie fran\u00e7aise : entreprises, institutions et associations. Doptim vous aide \u00e0 gagner en comp\u00e9tences sur ces sujets gr\u00e2ce \u00e0 des formations, dans [&hellip;]<\/p>\n","protected":false},"author":1,"featured_media":0,"parent":0,"menu_order":0,"comment_status":"closed","ping_status":"closed","template":"","meta":{"site-sidebar-layout":"default","site-content-layout":"","ast-site-content-layout":"default","site-content-style":"default","site-sidebar-style":"default","ast-global-header-display":"","ast-banner-title-visibility":"","ast-main-header-display":"","ast-hfb-above-header-display":"","ast-hfb-below-header-display":"","ast-hfb-mobile-header-display":"","site-post-title":"disabled","ast-breadcrumbs-content":"","ast-featured-img":"","footer-sml-layout":"","theme-transparent-header-meta":"","adv-header-id-meta":"","stick-header-meta":"","header-above-stick-meta":"","header-main-stick-meta":"","header-below-stick-meta":"","astra-migrate-meta-layouts":"set","ast-page-background-enabled":"default","ast-page-background-meta":{"desktop":{"background-color":"","background-image":"","background-repeat":"repeat","background-position":"center center","background-size":"auto","background-attachment":"scroll","background-type":"","background-media":"","overlay-type":"","overlay-color":"","overlay-opacity":"","overlay-gradient":""},"tablet":{"background-color":"","background-image":"","background-repeat":"repeat","background-position":"center center","background-size":"auto","background-attachment":"scroll","background-type":"","background-media":"","overlay-type":"","overlay-color":"","overlay-opacity":"","overlay-gradient":""},"mobile":{"background-color":"","background-image":"","background-repeat":"repeat","background-position":"center center","background-size":"auto","background-attachment":"scroll","background-type":"","background-media":"","overlay-type":"","overlay-color":"","overlay-opacity":"","overlay-gradient":""}},"ast-content-background-meta":{"desktop":{"background-color":"var(--ast-global-color-5)","background-image":"","background-repeat":"repeat","background-position":"center center","background-size":"auto","background-attachment":"scroll","background-type":"","background-media":"","overlay-type":"","overlay-color":"","overlay-opacity":"","overlay-gradient":""},"tablet":{"background-color":"var(--ast-global-color-5)","background-image":"","background-repeat":"repeat","background-position":"center center","background-size":"auto","background-attachment":"scroll","background-type":"","background-media":"","overlay-type":"","overlay-color":"","overlay-opacity":"","overlay-gradient":""},"mobile":{"background-color":"var(--ast-global-color-5)","background-image":"","background-repeat":"repeat","background-position":"center center","background-size":"auto","background-attachment":"scroll","background-type":"","background-media":"","overlay-type":"","overlay-color":"","overlay-opacity":"","overlay-gradient":""}},"footnotes":""},"class_list":["post-459","page","type-page","status-publish","hentry"],"_links":{"self":[{"href":"https:\/\/doptim.eu\/index.php\/wp-json\/wp\/v2\/pages\/459","targetHints":{"allow":["GET"]}}],"collection":[{"href":"https:\/\/doptim.eu\/index.php\/wp-json\/wp\/v2\/pages"}],"about":[{"href":"https:\/\/doptim.eu\/index.php\/wp-json\/wp\/v2\/types\/page"}],"author":[{"embeddable":true,"href":"https:\/\/doptim.eu\/index.php\/wp-json\/wp\/v2\/users\/1"}],"replies":[{"embeddable":true,"href":"https:\/\/doptim.eu\/index.php\/wp-json\/wp\/v2\/comments?post=459"}],"version-history":[{"count":86,"href":"https:\/\/doptim.eu\/index.php\/wp-json\/wp\/v2\/pages\/459\/revisions"}],"predecessor-version":[{"id":3741,"href":"https:\/\/doptim.eu\/index.php\/wp-json\/wp\/v2\/pages\/459\/revisions\/3741"}],"wp:attachment":[{"href":"https:\/\/doptim.eu\/index.php\/wp-json\/wp\/v2\/media?parent=459"}],"curies":[{"name":"wp","href":"https:\/\/api.w.org\/{rel}","templated":true}]}}