{"id":6,"date":"2019-05-02T15:47:35","date_gmt":"2019-05-02T13:47:35","guid":{"rendered":"http:\/\/doptim.eu\/index.php\/blog\/"},"modified":"2023-07-20T11:28:48","modified_gmt":"2023-07-20T09:28:48","slug":"articles-data-science","status":"publish","type":"page","link":"https:\/\/doptim.eu\/index.php\/articles-data-science\/","title":{"rendered":"Articles"},"content":{"rendered":"\n<div class=\"inherit-container-width wp-block-group alignfull has-ast-global-color-4-background-color has-background is-layout-constrained wp-block-group-is-layout-constrained\"><div class=\"wp-block-group__inner-container\">\n<div class=\"wp-block-columns is-layout-flex wp-container-core-columns-is-layout-28f84493 wp-block-columns-is-layout-flex\">\n<div class=\"wp-block-column is-layout-flow wp-block-column-is-layout-flow\">\n<figure class=\"wp-block-image size-full is-resized\"><img fetchpriority=\"high\" decoding=\"async\" src=\"https:\/\/doptim.eu\/wp-content\/uploads\/2023\/06\/undraw_Blog_post_re_fy5x.png\" alt=\"\" class=\"wp-image-2918\" width=\"350\" height=\"302\" title=\"\" srcset=\"https:\/\/doptim.eu\/wp-content\/uploads\/2023\/06\/undraw_Blog_post_re_fy5x.png 871w, https:\/\/doptim.eu\/wp-content\/uploads\/2023\/06\/undraw_Blog_post_re_fy5x-300x260.png 300w, https:\/\/doptim.eu\/wp-content\/uploads\/2023\/06\/undraw_Blog_post_re_fy5x-768x665.png 768w\" sizes=\"(max-width: 350px) 100vw, 350px\" \/><\/figure>\n<\/div>\n\n\n\n<div class=\"wp-block-column is-layout-flow wp-block-column-is-layout-flow\">\n<h2 class=\"wp-block-heading\">Nos articles<\/h2>\n\n\n\n<div style=\"height:64px\" aria-hidden=\"true\" class=\"wp-block-spacer\"><\/div>\n\n\n\n<h3 class=\"wp-block-heading\">Parcourez nos articles et nos ressources sur le monde de la Data Science et de l&rsquo;intelligence artificielle.<\/h3>\n<\/div>\n<\/div>\n<\/div><\/div>\n\n\n\n<div class=\"inherit-container-width wp-block-group alignfull has-ast-global-color-5-background-color has-background is-layout-constrained wp-block-group-is-layout-constrained\"><div class=\"wp-block-group__inner-container\"><ul class=\"wp-block-latest-posts__list is-grid columns-3 has-dates wp-block-latest-posts\"><li><div class=\"wp-block-latest-posts__featured-image aligncenter\"><a href=\"https:\/\/doptim.eu\/index.php\/2023\/10\/02\/ia-booster-france-2030\/\" aria-label=\"IA Booster France 2030 &#8211; le programme en 4 phases pour prendre le virage de l&rsquo;IA\"><img decoding=\"async\" width=\"1024\" height=\"374\" src=\"https:\/\/doptim.eu\/wp-content\/uploads\/2023\/10\/D-Blog-Banniere-1024x374.png\" class=\"attachment-large size-large wp-post-image\" alt=\"Logo Programme d&#039;accompagnement IA Booster France 2030 BPI France\" style=\"\" srcset=\"https:\/\/doptim.eu\/wp-content\/uploads\/2023\/10\/D-Blog-Banniere-1024x374.png 1024w, https:\/\/doptim.eu\/wp-content\/uploads\/2023\/10\/D-Blog-Banniere-300x109.png 300w, https:\/\/doptim.eu\/wp-content\/uploads\/2023\/10\/D-Blog-Banniere-768x280.png 768w, https:\/\/doptim.eu\/wp-content\/uploads\/2023\/10\/D-Blog-Banniere-1536x561.png 1536w, https:\/\/doptim.eu\/wp-content\/uploads\/2023\/10\/D-Blog-Banniere-2048x747.png 2048w\" sizes=\"(max-width: 1024px) 100vw, 1024px\" title=\"\"><\/a><\/div><a class=\"wp-block-latest-posts__post-title\" href=\"https:\/\/doptim.eu\/index.php\/2023\/10\/02\/ia-booster-france-2030\/\">IA Booster France 2030 &#8211; le programme en 4 phases pour prendre le virage de l&rsquo;IA<\/a><time datetime=\"2023-10-02T14:34:41+02:00\" class=\"wp-block-latest-posts__post-date\">2 octobre 2023<\/time><\/li>\n<li><div class=\"wp-block-latest-posts__featured-image aligncenter\"><a href=\"https:\/\/doptim.eu\/index.php\/2023\/06\/13\/doptim-et-insight-biosolutions-vous-donnent-rendez-vous-a-cosming-2023\/\" aria-label=\"Doptim et Insight Biosolutions vous donnent rendez-vous \u00e0 Cosm\u2019ing 2023\"><img decoding=\"async\" width=\"1024\" height=\"374\" src=\"https:\/\/doptim.eu\/wp-content\/uploads\/2023\/06\/D-Blog-Banniere-1024x374.png\" class=\"attachment-large size-large wp-post-image\" alt=\"Doptim - Cosm&#039;ing 2023\" style=\"\" srcset=\"https:\/\/doptim.eu\/wp-content\/uploads\/2023\/06\/D-Blog-Banniere-1024x374.png 1024w, https:\/\/doptim.eu\/wp-content\/uploads\/2023\/06\/D-Blog-Banniere-300x109.png 300w, https:\/\/doptim.eu\/wp-content\/uploads\/2023\/06\/D-Blog-Banniere-768x280.png 768w, https:\/\/doptim.eu\/wp-content\/uploads\/2023\/06\/D-Blog-Banniere-1536x561.png 1536w, https:\/\/doptim.eu\/wp-content\/uploads\/2023\/06\/D-Blog-Banniere-2048x747.png 2048w\" sizes=\"(max-width: 1024px) 100vw, 1024px\" title=\"\"><\/a><\/div><a class=\"wp-block-latest-posts__post-title\" href=\"https:\/\/doptim.eu\/index.php\/2023\/06\/13\/doptim-et-insight-biosolutions-vous-donnent-rendez-vous-a-cosming-2023\/\">Doptim et Insight Biosolutions vous donnent rendez-vous \u00e0 Cosm\u2019ing 2023<\/a><time datetime=\"2023-06-13T15:39:54+02:00\" class=\"wp-block-latest-posts__post-date\">13 juin 2023<\/time><\/li>\n<li><div class=\"wp-block-latest-posts__featured-image aligncenter\"><a href=\"https:\/\/doptim.eu\/index.php\/2023\/04\/19\/doptim-avec-la-delegation-rennaise-au-salon-santexpo-2023\/\" aria-label=\"Doptim avec la d\u00e9l\u00e9gation rennaise au salon SantExpo\u00a02023\"><img loading=\"lazy\" decoding=\"async\" width=\"1024\" height=\"374\" src=\"https:\/\/doptim.eu\/wp-content\/uploads\/2023\/04\/D-Blog-Banniere-2-1024x374.png\" class=\"attachment-large size-large wp-post-image\" alt=\"Doptim a SantExpo 2023\" style=\"\" srcset=\"https:\/\/doptim.eu\/wp-content\/uploads\/2023\/04\/D-Blog-Banniere-2-1024x374.png 1024w, https:\/\/doptim.eu\/wp-content\/uploads\/2023\/04\/D-Blog-Banniere-2-300x109.png 300w, https:\/\/doptim.eu\/wp-content\/uploads\/2023\/04\/D-Blog-Banniere-2-768x280.png 768w, https:\/\/doptim.eu\/wp-content\/uploads\/2023\/04\/D-Blog-Banniere-2-1536x561.png 1536w, https:\/\/doptim.eu\/wp-content\/uploads\/2023\/04\/D-Blog-Banniere-2-2048x747.png 2048w\" sizes=\"(max-width: 1024px) 100vw, 1024px\" title=\"\"><\/a><\/div><a class=\"wp-block-latest-posts__post-title\" href=\"https:\/\/doptim.eu\/index.php\/2023\/04\/19\/doptim-avec-la-delegation-rennaise-au-salon-santexpo-2023\/\">Doptim avec la d\u00e9l\u00e9gation rennaise au salon SantExpo\u00a02023<\/a><time datetime=\"2023-04-19T11:15:52+02:00\" class=\"wp-block-latest-posts__post-date\">19 avril 2023<\/time><\/li>\n<li><div class=\"wp-block-latest-posts__featured-image aligncenter\"><a href=\"https:\/\/doptim.eu\/index.php\/2023\/03\/14\/le-breizh-data-day-2023-levenement-dedie-a-lia-et-a-la-donnee-en-bretagne\/\" aria-label=\"Le Breizh Data Day 2023, l\u2019\u00e9v\u00e9nement d\u00e9di\u00e9 \u00e0 l\u2019IA et \u00e0 la donn\u00e9e en Bretagne\"><img loading=\"lazy\" decoding=\"async\" width=\"1024\" height=\"374\" src=\"https:\/\/doptim.eu\/wp-content\/uploads\/2023\/03\/D-Blog-Banniere-1024x374.png\" class=\"attachment-large size-large wp-post-image\" alt=\"logo du breizh data day\" style=\"\" srcset=\"https:\/\/doptim.eu\/wp-content\/uploads\/2023\/03\/D-Blog-Banniere-1024x374.png 1024w, https:\/\/doptim.eu\/wp-content\/uploads\/2023\/03\/D-Blog-Banniere-300x109.png 300w, https:\/\/doptim.eu\/wp-content\/uploads\/2023\/03\/D-Blog-Banniere-768x280.png 768w, https:\/\/doptim.eu\/wp-content\/uploads\/2023\/03\/D-Blog-Banniere-1536x561.png 1536w, https:\/\/doptim.eu\/wp-content\/uploads\/2023\/03\/D-Blog-Banniere-2048x747.png 2048w\" sizes=\"(max-width: 1024px) 100vw, 1024px\" title=\"\"><\/a><\/div><a class=\"wp-block-latest-posts__post-title\" href=\"https:\/\/doptim.eu\/index.php\/2023\/03\/14\/le-breizh-data-day-2023-levenement-dedie-a-lia-et-a-la-donnee-en-bretagne\/\">Le Breizh Data Day 2023, l\u2019\u00e9v\u00e9nement d\u00e9di\u00e9 \u00e0 l\u2019IA et \u00e0 la donn\u00e9e en Bretagne<\/a><time datetime=\"2023-03-14T10:01:15+01:00\" class=\"wp-block-latest-posts__post-date\">14 mars 2023<\/time><\/li>\n<li><div class=\"wp-block-latest-posts__featured-image aligncenter\"><a href=\"https:\/\/doptim.eu\/index.php\/2022\/12\/06\/agriculture-limportance-de-lintelligence-artificielle-pour-produire-plus-et-mieux\/\" aria-label=\"Agriculture : l&rsquo;importance de l&rsquo;intelligence artificielle pour produire plus et mieux\"><img loading=\"lazy\" decoding=\"async\" width=\"1024\" height=\"374\" src=\"https:\/\/doptim.eu\/wp-content\/uploads\/2022\/12\/D-Blog-Banniere-1024x374.png\" class=\"attachment-large size-large wp-post-image\" alt=\"Doptim - IA - Agriculture\" style=\"\" srcset=\"https:\/\/doptim.eu\/wp-content\/uploads\/2022\/12\/D-Blog-Banniere-1024x374.png 1024w, https:\/\/doptim.eu\/wp-content\/uploads\/2022\/12\/D-Blog-Banniere-300x109.png 300w, https:\/\/doptim.eu\/wp-content\/uploads\/2022\/12\/D-Blog-Banniere-768x280.png 768w, https:\/\/doptim.eu\/wp-content\/uploads\/2022\/12\/D-Blog-Banniere-1536x561.png 1536w, https:\/\/doptim.eu\/wp-content\/uploads\/2022\/12\/D-Blog-Banniere-2048x747.png 2048w\" sizes=\"(max-width: 1024px) 100vw, 1024px\" title=\"\"><\/a><\/div><a class=\"wp-block-latest-posts__post-title\" href=\"https:\/\/doptim.eu\/index.php\/2022\/12\/06\/agriculture-limportance-de-lintelligence-artificielle-pour-produire-plus-et-mieux\/\">Agriculture : l&rsquo;importance de l&rsquo;intelligence artificielle pour produire plus et mieux<\/a><time datetime=\"2022-12-06T11:03:35+01:00\" class=\"wp-block-latest-posts__post-date\">6 d\u00e9cembre 2022<\/time><\/li>\n<li><div class=\"wp-block-latest-posts__featured-image aligncenter\"><a href=\"https:\/\/doptim.eu\/index.php\/2022\/10\/07\/industrie-4-0-limportance-de-la-donnee-pour-les-industriels\/\" aria-label=\"Industrie 4.0 : l&rsquo;importance de la donn\u00e9e pour les industriels\"><img loading=\"lazy\" decoding=\"async\" width=\"1024\" height=\"374\" src=\"https:\/\/doptim.eu\/wp-content\/uploads\/2022\/10\/Sans-titre-5-1024x374.png\" class=\"attachment-large size-large wp-post-image\" alt=\"Doptim industrie 4.0\" style=\"\" srcset=\"https:\/\/doptim.eu\/wp-content\/uploads\/2022\/10\/Sans-titre-5-1024x374.png 1024w, https:\/\/doptim.eu\/wp-content\/uploads\/2022\/10\/Sans-titre-5-300x109.png 300w, https:\/\/doptim.eu\/wp-content\/uploads\/2022\/10\/Sans-titre-5-768x280.png 768w, https:\/\/doptim.eu\/wp-content\/uploads\/2022\/10\/Sans-titre-5-1536x561.png 1536w, https:\/\/doptim.eu\/wp-content\/uploads\/2022\/10\/Sans-titre-5-2048x747.png 2048w\" sizes=\"(max-width: 1024px) 100vw, 1024px\" title=\"\"><\/a><\/div><a class=\"wp-block-latest-posts__post-title\" href=\"https:\/\/doptim.eu\/index.php\/2022\/10\/07\/industrie-4-0-limportance-de-la-donnee-pour-les-industriels\/\">Industrie 4.0 : l&rsquo;importance de la donn\u00e9e pour les industriels<\/a><time datetime=\"2022-10-07T17:10:07+02:00\" class=\"wp-block-latest-posts__post-date\">7 octobre 2022<\/time><\/li>\n<li><div class=\"wp-block-latest-posts__featured-image aligncenter\"><a href=\"https:\/\/doptim.eu\/index.php\/2022\/09\/21\/5-formations-en-data-sciences-avec-doptim\/\" aria-label=\"5 formations en Data Sciences avec Doptim\"><img loading=\"lazy\" decoding=\"async\" width=\"1024\" height=\"374\" src=\"https:\/\/doptim.eu\/wp-content\/uploads\/2022\/09\/Sans-titre-5-1024x374.png\" class=\"attachment-large size-large wp-post-image\" alt=\"Article-Formations\" style=\"\" srcset=\"https:\/\/doptim.eu\/wp-content\/uploads\/2022\/09\/Sans-titre-5-1024x374.png 1024w, https:\/\/doptim.eu\/wp-content\/uploads\/2022\/09\/Sans-titre-5-300x109.png 300w, https:\/\/doptim.eu\/wp-content\/uploads\/2022\/09\/Sans-titre-5-768x280.png 768w, https:\/\/doptim.eu\/wp-content\/uploads\/2022\/09\/Sans-titre-5-1536x561.png 1536w, https:\/\/doptim.eu\/wp-content\/uploads\/2022\/09\/Sans-titre-5-2048x747.png 2048w\" sizes=\"(max-width: 1024px) 100vw, 1024px\" title=\"\"><\/a><\/div><a class=\"wp-block-latest-posts__post-title\" href=\"https:\/\/doptim.eu\/index.php\/2022\/09\/21\/5-formations-en-data-sciences-avec-doptim\/\">5 formations en Data Sciences avec Doptim<\/a><time datetime=\"2022-09-21T15:47:49+02:00\" class=\"wp-block-latest-posts__post-date\">21 septembre 2022<\/time><\/li>\n<li><div class=\"wp-block-latest-posts__featured-image aligncenter\"><a href=\"https:\/\/doptim.eu\/index.php\/2022\/08\/04\/nouveau-reglement-europeen-sur-lintelligence-artificielle-enjeux-et-mise-en-conformite\/\" aria-label=\"Nouveau r\u00e8glement sur l&rsquo;IA : enjeux et mise en conformit\u00e9\"><img loading=\"lazy\" decoding=\"async\" width=\"1024\" height=\"374\" src=\"https:\/\/doptim.eu\/wp-content\/uploads\/2022\/08\/Sans-titre-1024x374.png\" class=\"attachment-large size-large wp-post-image\" alt=\"Doptim-Article-R\u00e8glement Europ\u00e9en sur l&#039;IA\" style=\"\" srcset=\"https:\/\/doptim.eu\/wp-content\/uploads\/2022\/08\/Sans-titre-1024x374.png 1024w, https:\/\/doptim.eu\/wp-content\/uploads\/2022\/08\/Sans-titre-300x109.png 300w, https:\/\/doptim.eu\/wp-content\/uploads\/2022\/08\/Sans-titre-768x280.png 768w, https:\/\/doptim.eu\/wp-content\/uploads\/2022\/08\/Sans-titre-1536x561.png 1536w, https:\/\/doptim.eu\/wp-content\/uploads\/2022\/08\/Sans-titre-2048x747.png 2048w\" sizes=\"(max-width: 1024px) 100vw, 1024px\" title=\"\"><\/a><\/div><a class=\"wp-block-latest-posts__post-title\" href=\"https:\/\/doptim.eu\/index.php\/2022\/08\/04\/nouveau-reglement-europeen-sur-lintelligence-artificielle-enjeux-et-mise-en-conformite\/\">Nouveau r\u00e8glement sur l&rsquo;IA : enjeux et mise en conformit\u00e9<\/a><time datetime=\"2022-08-04T09:05:48+02:00\" class=\"wp-block-latest-posts__post-date\">4 ao\u00fbt 2022<\/time><\/li>\n<li><div class=\"wp-block-latest-posts__featured-image aligncenter\"><a href=\"https:\/\/doptim.eu\/index.php\/2022\/04\/12\/comment-financer-projet-intelligence-artificielle\/\" aria-label=\"Comment financer un projet d&rsquo;intelligence artificielle ?\"><img loading=\"lazy\" decoding=\"async\" width=\"1024\" height=\"374\" src=\"https:\/\/doptim.eu\/wp-content\/uploads\/2022\/04\/Sans-titre-5-1024x374.png\" class=\"attachment-large size-large wp-post-image\" alt=\"Doptim financer intelligence artificielle\" style=\"\" srcset=\"https:\/\/doptim.eu\/wp-content\/uploads\/2022\/04\/Sans-titre-5-1024x374.png 1024w, https:\/\/doptim.eu\/wp-content\/uploads\/2022\/04\/Sans-titre-5-300x109.png 300w, https:\/\/doptim.eu\/wp-content\/uploads\/2022\/04\/Sans-titre-5-768x280.png 768w, https:\/\/doptim.eu\/wp-content\/uploads\/2022\/04\/Sans-titre-5-1536x561.png 1536w, https:\/\/doptim.eu\/wp-content\/uploads\/2022\/04\/Sans-titre-5-2048x747.png 2048w, https:\/\/doptim.eu\/wp-content\/uploads\/2022\/04\/Sans-titre-5-1920x701.png 1920w\" sizes=\"(max-width: 1024px) 100vw, 1024px\" title=\"\"><\/a><\/div><a class=\"wp-block-latest-posts__post-title\" href=\"https:\/\/doptim.eu\/index.php\/2022\/04\/12\/comment-financer-projet-intelligence-artificielle\/\">Comment financer un projet d&rsquo;intelligence artificielle ?<\/a><time datetime=\"2022-04-12T11:36:22+02:00\" class=\"wp-block-latest-posts__post-date\">12 avril 2022<\/time><\/li>\n<li><div class=\"wp-block-latest-posts__featured-image aligncenter\"><a href=\"https:\/\/doptim.eu\/index.php\/2022\/04\/12\/comment-mener-un-projet-ia\/\" aria-label=\"Valoriser vos donn\u00e9es et mener un projet IA avec Doptim : comment \u00e7a se passe ?\"><img loading=\"lazy\" decoding=\"async\" width=\"1024\" height=\"374\" src=\"https:\/\/doptim.eu\/wp-content\/uploads\/2022\/04\/Sans-titre-4-1024x374.png\" class=\"attachment-large size-large wp-post-image\" alt=\"Doptim Projet IA\" style=\"\" srcset=\"https:\/\/doptim.eu\/wp-content\/uploads\/2022\/04\/Sans-titre-4-1024x374.png 1024w, https:\/\/doptim.eu\/wp-content\/uploads\/2022\/04\/Sans-titre-4-300x109.png 300w, https:\/\/doptim.eu\/wp-content\/uploads\/2022\/04\/Sans-titre-4-768x280.png 768w, https:\/\/doptim.eu\/wp-content\/uploads\/2022\/04\/Sans-titre-4-1536x561.png 1536w, https:\/\/doptim.eu\/wp-content\/uploads\/2022\/04\/Sans-titre-4-2048x747.png 2048w, https:\/\/doptim.eu\/wp-content\/uploads\/2022\/04\/Sans-titre-4-1920x701.png 1920w\" sizes=\"(max-width: 1024px) 100vw, 1024px\" title=\"\"><\/a><\/div><a class=\"wp-block-latest-posts__post-title\" href=\"https:\/\/doptim.eu\/index.php\/2022\/04\/12\/comment-mener-un-projet-ia\/\">Valoriser vos donn\u00e9es et mener un projet IA avec Doptim : comment \u00e7a se passe ?<\/a><time datetime=\"2022-04-12T11:26:34+02:00\" class=\"wp-block-latest-posts__post-date\">12 avril 2022<\/time><\/li>\n<li><div class=\"wp-block-latest-posts__featured-image aligncenter\"><a href=\"https:\/\/doptim.eu\/index.php\/2022\/04\/12\/doptim-agrement-cir\/\" aria-label=\"Doptim obtient l&rsquo;agr\u00e9ment CIR pour son expertise en IA\"><img loading=\"lazy\" decoding=\"async\" width=\"1024\" height=\"374\" src=\"https:\/\/doptim.eu\/wp-content\/uploads\/2022\/04\/Sans-titre-1024x374.png\" class=\"attachment-large size-large wp-post-image\" alt=\"Doptim Agr\u00e9ment CIR IA\" style=\"\" srcset=\"https:\/\/doptim.eu\/wp-content\/uploads\/2022\/04\/Sans-titre-1024x374.png 1024w, https:\/\/doptim.eu\/wp-content\/uploads\/2022\/04\/Sans-titre-300x109.png 300w, https:\/\/doptim.eu\/wp-content\/uploads\/2022\/04\/Sans-titre-768x280.png 768w, https:\/\/doptim.eu\/wp-content\/uploads\/2022\/04\/Sans-titre-1536x561.png 1536w, https:\/\/doptim.eu\/wp-content\/uploads\/2022\/04\/Sans-titre-2048x747.png 2048w, https:\/\/doptim.eu\/wp-content\/uploads\/2022\/04\/Sans-titre-1920x701.png 1920w\" sizes=\"(max-width: 1024px) 100vw, 1024px\" title=\"\"><\/a><\/div><a class=\"wp-block-latest-posts__post-title\" href=\"https:\/\/doptim.eu\/index.php\/2022\/04\/12\/doptim-agrement-cir\/\">Doptim obtient l&rsquo;agr\u00e9ment CIR pour son expertise en IA<\/a><time datetime=\"2022-04-12T10:41:36+02:00\" class=\"wp-block-latest-posts__post-date\">12 avril 2022<\/time><\/li>\n<li><div class=\"wp-block-latest-posts__featured-image aligncenter\"><a href=\"https:\/\/doptim.eu\/index.php\/2022\/02\/03\/teletimdm-surveillance-dispositifs-medicaux\/\" aria-label=\"Automatiser la surveillance post-commercialisation des dispositifs m\u00e9dicaux gr\u00e2ce \u00e0 un logiciel agile\"><img loading=\"lazy\" decoding=\"async\" width=\"1024\" height=\"374\" src=\"https:\/\/doptim.eu\/wp-content\/uploads\/2022\/02\/Sans-titre-2-1024x374.png\" class=\"attachment-large size-large wp-post-image\" alt=\"Doptim Dispositif M\u00e9dical Suivi automatis\u00e9\" style=\"\" srcset=\"https:\/\/doptim.eu\/wp-content\/uploads\/2022\/02\/Sans-titre-2-1024x374.png 1024w, https:\/\/doptim.eu\/wp-content\/uploads\/2022\/02\/Sans-titre-2-300x109.png 300w, https:\/\/doptim.eu\/wp-content\/uploads\/2022\/02\/Sans-titre-2-768x280.png 768w, https:\/\/doptim.eu\/wp-content\/uploads\/2022\/02\/Sans-titre-2-1536x561.png 1536w, https:\/\/doptim.eu\/wp-content\/uploads\/2022\/02\/Sans-titre-2-2048x747.png 2048w, https:\/\/doptim.eu\/wp-content\/uploads\/2022\/02\/Sans-titre-2-1920x701.png 1920w\" sizes=\"(max-width: 1024px) 100vw, 1024px\" title=\"\"><\/a><\/div><a class=\"wp-block-latest-posts__post-title\" href=\"https:\/\/doptim.eu\/index.php\/2022\/02\/03\/teletimdm-surveillance-dispositifs-medicaux\/\">Automatiser la surveillance post-commercialisation des dispositifs m\u00e9dicaux gr\u00e2ce \u00e0 un logiciel agile<\/a><time datetime=\"2022-02-03T15:25:37+01:00\" class=\"wp-block-latest-posts__post-date\">3 f\u00e9vrier 2022<\/time><\/li>\n<li><div class=\"wp-block-latest-posts__featured-image aligncenter\"><a href=\"https:\/\/doptim.eu\/index.php\/2022\/02\/03\/article-definitions-intelligence-artificielle-machine-learning\/\" aria-label=\"Intelligence Artificielle, Machine Learning, Deep Learning : d\u00e9finitions et opportunit\u00e9s\"><img loading=\"lazy\" decoding=\"async\" width=\"1024\" height=\"374\" src=\"https:\/\/doptim.eu\/wp-content\/uploads\/2022\/02\/Sans-titre-3-1024x374.png\" class=\"attachment-large size-large wp-post-image\" alt=\"Doptim Intelligence Artificielle Machine learning Deep learning\" style=\"\" srcset=\"https:\/\/doptim.eu\/wp-content\/uploads\/2022\/02\/Sans-titre-3-1024x374.png 1024w, https:\/\/doptim.eu\/wp-content\/uploads\/2022\/02\/Sans-titre-3-300x109.png 300w, https:\/\/doptim.eu\/wp-content\/uploads\/2022\/02\/Sans-titre-3-768x280.png 768w, https:\/\/doptim.eu\/wp-content\/uploads\/2022\/02\/Sans-titre-3-1536x561.png 1536w, https:\/\/doptim.eu\/wp-content\/uploads\/2022\/02\/Sans-titre-3-2048x747.png 2048w, https:\/\/doptim.eu\/wp-content\/uploads\/2022\/02\/Sans-titre-3-1920x701.png 1920w\" sizes=\"(max-width: 1024px) 100vw, 1024px\" title=\"\"><\/a><\/div><a class=\"wp-block-latest-posts__post-title\" href=\"https:\/\/doptim.eu\/index.php\/2022\/02\/03\/article-definitions-intelligence-artificielle-machine-learning\/\">Intelligence Artificielle, Machine Learning, Deep Learning : d\u00e9finitions et opportunit\u00e9s<\/a><time datetime=\"2022-02-03T14:21:41+01:00\" class=\"wp-block-latest-posts__post-date\">3 f\u00e9vrier 2022<\/time><\/li>\n<\/ul><\/div><\/div>\n","protected":false},"excerpt":{"rendered":"<p>Nos articles Parcourez nos articles et nos ressources sur le monde de la Data Science et de l&rsquo;intelligence artificielle.<\/p>\n","protected":false},"author":1,"featured_media":0,"parent":0,"menu_order":0,"comment_status":"closed","ping_status":"closed","template":"","meta":{"site-sidebar-layout":"default","site-content-layout":"","ast-site-content-layout":"","site-content-style":"default","site-sidebar-style":"default","ast-global-header-display":"","ast-banner-title-visibility":"","ast-main-header-display":"","ast-hfb-above-header-display":"","ast-hfb-below-header-display":"","ast-hfb-mobile-header-display":"","site-post-title":"disabled","ast-breadcrumbs-content":"","ast-featured-img":"","footer-sml-layout":"","theme-transparent-header-meta":"","adv-header-id-meta":"","stick-header-meta":"","header-above-stick-meta":"","header-main-stick-meta":"","header-below-stick-meta":"","astra-migrate-meta-layouts":"default","ast-page-background-enabled":"default","ast-page-background-meta":{"desktop":{"background-color":"","background-image":"","background-repeat":"repeat","background-position":"center center","background-size":"auto","background-attachment":"scroll","background-type":"","background-media":"","overlay-type":"","overlay-color":"","overlay-opacity":"","overlay-gradient":""},"tablet":{"background-color":"","background-image":"","background-repeat":"repeat","background-position":"center center","background-size":"auto","background-attachment":"scroll","background-type":"","background-media":"","overlay-type":"","overlay-color":"","overlay-opacity":"","overlay-gradient":""},"mobile":{"background-color":"","background-image":"","background-repeat":"repeat","background-position":"center center","background-size":"auto","background-attachment":"scroll","background-type":"","background-media":"","overlay-type":"","overlay-color":"","overlay-opacity":"","overlay-gradient":""}},"ast-content-background-meta":{"desktop":{"background-color":"var(--ast-global-color-5)","background-image":"","background-repeat":"repeat","background-position":"center center","background-size":"auto","background-attachment":"scroll","background-type":"","background-media":"","overlay-type":"","overlay-color":"","overlay-opacity":"","overlay-gradient":""},"tablet":{"background-color":"var(--ast-global-color-5)","background-image":"","background-repeat":"repeat","background-position":"center center","background-size":"auto","background-attachment":"scroll","background-type":"","background-media":"","overlay-type":"","overlay-color":"","overlay-opacity":"","overlay-gradient":""},"mobile":{"background-color":"var(--ast-global-color-5)","background-image":"","background-repeat":"repeat","background-position":"center center","background-size":"auto","background-attachment":"scroll","background-type":"","background-media":"","overlay-type":"","overlay-color":"","overlay-opacity":"","overlay-gradient":""}},"footnotes":""},"class_list":["post-6","page","type-page","status-publish","hentry"],"_links":{"self":[{"href":"https:\/\/doptim.eu\/index.php\/wp-json\/wp\/v2\/pages\/6","targetHints":{"allow":["GET"]}}],"collection":[{"href":"https:\/\/doptim.eu\/index.php\/wp-json\/wp\/v2\/pages"}],"about":[{"href":"https:\/\/doptim.eu\/index.php\/wp-json\/wp\/v2\/types\/page"}],"author":[{"embeddable":true,"href":"https:\/\/doptim.eu\/index.php\/wp-json\/wp\/v2\/users\/1"}],"replies":[{"embeddable":true,"href":"https:\/\/doptim.eu\/index.php\/wp-json\/wp\/v2\/comments?post=6"}],"version-history":[{"count":0,"href":"https:\/\/doptim.eu\/index.php\/wp-json\/wp\/v2\/pages\/6\/revisions"}],"wp:attachment":[{"href":"https:\/\/doptim.eu\/index.php\/wp-json\/wp\/v2\/media?parent=6"}],"curies":[{"name":"wp","href":"https:\/\/api.w.org\/{rel}","templated":true}]}}